{"id":4965,"date":"2023-05-02T16:09:26","date_gmt":"2023-05-02T15:09:26","guid":{"rendered":"https:\/\/mave.es\/?page_id=4965"},"modified":"2023-05-02T16:20:45","modified_gmt":"2023-05-02T15:20:45","slug":"p-cookies","status":"publish","type":"page","link":"https:\/\/mave.es\/en\/p-cookies\/","title":{"rendered":"P. COOKIES"},"content":{"rendered":"<div data-elementor-type=\"wp-page\" data-elementor-id=\"4965\" class=\"elementor elementor-4965\">\n\t\t\t\t\t\t\t\t\t<section class=\"elementor-section elementor-top-section elementor-element elementor-element-0918ce4 elementor-section-boxed elementor-section-height-default elementor-section-height-default\" data-id=\"0918ce4\" data-element_type=\"section\" data-settings=\"{&quot;jet_parallax_layout_list&quot;:[]}\">\n\t\t\t\t\t\t<div class=\"elementor-container elementor-column-gap-default\">\n\t\t\t\t\t<div class=\"elementor-column elementor-col-100 elementor-top-column elementor-element elementor-element-d21b741\" data-id=\"d21b741\" data-element_type=\"column\">\n\t\t\t<div class=\"elementor-widget-wrap elementor-element-populated\">\n\t\t\t\t\t\t\t\t<div class=\"elementor-element elementor-element-4c92296 elementor-widget elementor-widget-text-editor\" data-id=\"4c92296\" data-element_type=\"widget\" data-widget_type=\"text-editor.default\">\n\t\t\t\t<div class=\"elementor-widget-container\">\n\t\t\t<style>\/*! elementor - v3.11.5 - 14-03-2023 *\/\n.elementor-widget-text-editor.elementor-drop-cap-view-stacked .elementor-drop-cap{background-color:#818a91;color:#fff}.elementor-widget-text-editor.elementor-drop-cap-view-framed .elementor-drop-cap{color:#818a91;border:3px solid;background-color:transparent}.elementor-widget-text-editor:not(.elementor-drop-cap-view-default) .elementor-drop-cap{margin-top:8px}.elementor-widget-text-editor:not(.elementor-drop-cap-view-default) .elementor-drop-cap-letter{width:1em;height:1em}.elementor-widget-text-editor .elementor-drop-cap{float:left;text-align:center;line-height:1;font-size:50px}.elementor-widget-text-editor .elementor-drop-cap-letter{display:inline-block}<\/style>\t\t\t\t<p lang=\"es-ES\">Esta Pol\u00edtica de Cookies informa sobre las cookies o tecnolog\u00edas similares que se instalan o pueden instalarse en su dispositivo al acceder y usar esta p\u00e1gina web\u00a0<u><a href=\"https:\/\/mave.es\/en\/\">https:\/\/mave.es\/<\/a><\/u>\u00a0(&#8220;la Web&#8221;).<\/p><p lang=\"es-ES\">En el contexto de esta Pol\u00edtica de Cookies se utiliza el t\u00e9rmino &#8220;<i>cookies<\/i>&#8221; para referirse a las cookies y tecnolog\u00edas similares, tales como\u00a0<b>p\u00edxeles<\/b>,\u00a0web\u00a0<b>beacons<\/b>\u00a0o t\u00e9cnicas de huellas dactilares.<\/p><p lang=\"es-ES\">Esta Web puede utilizar cookies que permiten el tratamiento de sus datos personales.<\/p><p lang=\"es-ES\">Para m\u00e1s informaci\u00f3n sobre c\u00f3mo utilizamos sus datos, visite nuestra<a href=\"https:\/\/mave.es\/en\/politica-de-privacidad\/\">\u00a0<b>pol\u00edtica de privacidad de usuarios de la web\u00a0<\/b><\/a><\/p><h1 lang=\"es-ES\">\u00bfQU\u00c9 SON LAS COOKIES?<\/h1><p lang=\"es-ES\">Una cookie es un fichero que se descarga en el dispositivo del usuario (ordenador\/ smartphone\/ tablet) cuando accede a determinadas p\u00e1ginas web, con la finalidad de almacenar y recuperar informaci\u00f3n sobre los h\u00e1bitos de la navegaci\u00f3n que se efect\u00faan desde el equipo.<\/p><h1 lang=\"es-ES\">TIPOS DE COOKIES<\/h1><p lang=\"es-ES\">Hay diferentes tipos de cookies. Todos ellos trabajan de la misma manera, pero tienen peque\u00f1as diferencias:<\/p><ul><li><p lang=\"es-ES\"><b>Cookies de Sesi\u00f3n:<\/b>\u00a0Las cookies de sesi\u00f3n tienen una duraci\u00f3n determinada, esta se basa en la duraci\u00f3n de la visita del navegante, y se borran cuando se cierra el navegador. Su finalidad principal es identificar el tipo de dispositivo, apoyar la seguridad sitio web y a su funcionalidad b\u00e1sica. No contienen informaci\u00f3n personal que nos permita identificar a una persona.<\/p><\/li><li><p lang=\"es-ES\"><b>Cookies Persistentes o Permanentes:<\/b><b>\u00a0<\/b>Este tipo de cookies se almacenan en el disco duro del dispositivo, y el navegador las lee cada vez que realiza una nueva visita a\u00a0la p\u00e1gina web. Poseen una fecha de caducidad o expiraci\u00f3n determinada, y una vez vence, la cookie deja de funcionar. Nos permiten identificar sus acciones y preferencias; analizar las visitas y nos ayudan a comprender c\u00f3mo llegan los usuarios a nuestra p\u00e1gina y mejorar nuestros servicios.<\/p><\/li><li><p lang=\"es-ES\"><b>Cookies de Funcionalidad:<\/b>\u00a0Permiten a\u00a0la p\u00e1gina web\u00a0recordar decisiones adoptadas por el usuario, como su login o identificador. La informaci\u00f3n que recoge estas cookies se anonimiza (es decir, no contiene su nombre, direcci\u00f3n, ni tampoco otros datos sensibles).<\/p><\/li><li><p lang=\"es-ES\"><b>Cookies de Terceros:<\/b>\u00a0Las cookies de terceros son las cookies necesarias para poder hacer uso de aplicaciones externas en nuestro sitio web; por ejemplo, las usadas por redes sociales (como Facebook) o por complementos externos de contenido (como Google Maps). Adem\u00e1s, algunas empresas de publicidad usan este tipo de archivos para realizar un seguimiento de sus visitas en cada sitio en el que se anuncian.<\/p><\/li><li><p lang=\"es-ES\"><b>Cookies Anal\u00edticas:\u00a0<\/b>Son cookies que tienen por finalidad el mantenimiento peri\u00f3dico y garantizar el mejor funcionamiento y servicio al usuario; recopilando datos de su actividad.<\/p><\/li><li><p lang=\"es-ES\"><b>Cookies de rendimiento:<\/b>\u00a0Se utilizan para mejorar la experiencia de navegaci\u00f3n y optimizar el funcionamiento del sitio web, como, por ejemplo, almacenar las configuraciones de servicios, o almacenar la compra realizada en un carrito de la compra.<\/p><\/li><li><p lang=\"es-ES\"><b>Cookies de publicidad:<\/b>\u00a0Son aquellas que recaban informaci\u00f3n sobre los anuncios mostrados a los usuarios del sitio web. Pueden ser de dos tipos:<\/p><ul><li><p lang=\"es-ES\"><b>Cookies An\u00f3nimas:<\/b>\u00a0Solo recopilan informaci\u00f3n sobre los espacios publicitarios mostrados en el sitio web, con independencia del usuario que accede al sitio web, es decir, sin identificarle expresamente.<\/p><\/li><li><p lang=\"es-ES\"><b>Cookies Personalizadas<\/b>: Recopilan informaci\u00f3n personal del usuario del sitio web por parte de un tercero, para la personalizaci\u00f3n de dichos espacios publicitarios.<\/p><\/li><\/ul><\/li><\/ul><ul><li><p lang=\"es-ES\"><b>Cookies de geolocalizaci\u00f3n:<\/b>\u00a0Estas Cookies se utilizan para averiguar en qu\u00e9 pa\u00eds o regi\u00f3n se encuentra el usuario cuando accede a un servicio del sitio web con el fin de ofrecerle contenidos o servicios adecuados a su localizaci\u00f3n.<\/p><\/li><\/ul><h1 lang=\"es-ES\">\u00a0INFORMACI\u00d3N SOBRE EL TRATAMIENTO DE COOKIES<\/h1><p lang=\"es-ES\"><b>Consell Insular\u00a0<\/b><b>d\u2019Eivissa<\/b>\u00a0es responsable del tratamiento de sus datos personales.<\/p><ul><li><p lang=\"es-ES\"><span lang=\"pt-PT\"><b>Domicilio social:<\/b><\/span>\u00a0<span lang=\"pt-PT\">Avenida d&#8217;Espanya 49. Eivissa.<\/span><\/p><\/li><li><p lang=\"es-ES\"><b>Contacto del Delegado de Protecci\u00f3n de Datos:<\/b><\/p><\/li><\/ul><ul><li><p lang=\"es-ES\">Presencialmente: acudiendo a nuestras instalaciones situadas en: Avenida d&#8217;Espanya 49. Eivissa.<\/p><\/li><li><p lang=\"es-ES\">Correo Electr\u00f3nico:\u00a0<u><a href=\"mailto:dpd@conselldeivissa.es\">dpd@conselldeivissa.es<\/a><\/u>.<\/p><\/li><li><p lang=\"es-ES\">En l\u00ednea: a trav\u00e9s de nuestra Sede electr\u00f3nica:\u00a0<u><a href=\"https:\/\/seu.conselldeivissa.es\/\">https:\/\/seu.conselldeivissa.es<\/a><\/u><\/p><\/li><\/ul><h1 lang=\"es-ES\">BASE JUR\u00cdDICA DEL TRATAMIENTO<\/h1><p lang=\"es-ES\">Para la utilizaci\u00f3n de las cookies\u00a0<b>no exceptuadas<\/b>, el tratamiento de estas se fundamenta en el\u00a0<b>consentimiento del usuario<\/b>. El usuario puede retirar en cualquier momento su consentimiento relacionado con la Pol\u00edtica de Cookies, y podr\u00e1 eliminar las cookies almacenadas en su equipo a trav\u00e9s de los ajustes y configuraciones de su navegador de Internet.<i><\/i><\/p><p lang=\"es-ES\">Para la utilizaci\u00f3n de las cookies exceptuadas, el tratamiento de las cookies se basa en el\u00a0<b>inter\u00e9s leg\u00edtimo.<\/b><\/p><h1 lang=\"es-ES\">CATEGOR\u00cdAS DE DATOS<\/h1><p lang=\"es-ES\">Si acepta el uso de cookies, trataremos los siguientes datos:<\/p><p lang=\"es-ES\"><u><b>Respecto de las cookies propias:<\/b><\/u><\/p><ul><li><p lang=\"es-ES\"><b>De personalizaci\u00f3n:<\/b><\/p><\/li><\/ul><ul><li><ul><li><p lang=\"es-ES\">ID del dispositivo del usuario.<\/p><\/li><li><p lang=\"es-ES\">Acci\u00f3n publicitaria que origina la visita.<\/p><\/li><li><p lang=\"es-ES\">\u00daltimas b\u00fasquedas realizadas en el buscador.\u00a0<\/p><\/li><\/ul><\/li><\/ul><ul><li><p lang=\"es-ES\"><b>De an\u00e1lisis:<\/b><\/p><\/li><\/ul><ul><li><p lang=\"es-ES\">ID del dispositivo del usuario.<\/p><\/li><li><p lang=\"es-ES\">Fuente de la visita.<\/p><\/li><li><p lang=\"es-ES\">P\u00e1ginas o secciones por las que navega en el sitio web.<\/p><\/li><\/ul><p lang=\"es-ES\"><u>Respecto de las cookies de terceros:\u00a0<\/u>recomendamos consulte sus respectivas pol\u00edticas, indicadas en el apartado \u201cm\u00e1s informaci\u00f3n\u201d, para informarle sobre sus destinatarios.<\/p><h1 lang=\"es-ES\">COOKIES UTILIZADAS POR ESTA WEB<\/h1><p lang=\"es-ES\">A continuaci\u00f3n, encontrar\u00e1 m\u00e1s informaci\u00f3n sobre las cookies utilizadas en esta Web<\/p><table border=\"1\" cellspacing=\"5\" cellpadding=\"5\"><tbody><tr><td>_Ga<\/td><td>Technique<\/td><td>Persistent<\/td><td>De tercer<\/td><td>Cookie de Google persistent de 2 anys. S&#8217;usen per a distingir als usuaris.<\/td><\/tr><tr><td>_GAT<\/td><td>Technique<\/td><td>Persistent<\/td><td>De tercer<\/td><td>Cookie de Google persistent de 2 anys. S&#8217;usen per a distingir als usuaris.<\/td><\/tr><tr><td>JSESSIONID<\/td><td>Technique<\/td><td>Sessi\u00f3<\/td><td>Pr\u00f2pia<\/td><td>S&#8217;utilitzen per identificar i autenticar l&#8217;usuari. Cont\u00e9 a m\u00e9s dades t\u00e8cniques de la sessi\u00f3 d&#8217;usuari com, per exemple, temps d&#8217;espera de connexi\u00f3, identificaci\u00f3 de la sessi\u00f3, etc.<\/td><\/tr><tr><td>LRF SESSION STATE<\/td><td>Technique<\/td><td>Sessi\u00f3<\/td><td>Pr\u00f2pia<\/td><td>S&#8217;utilitzen per identificar i autenticar l&#8217;usuari.<\/td><\/tr><tr><td>GUEST_LANGUAGE_ID<\/td><td>Personalizaci\u00f3n<\/td><td>Persistent<\/td><td>Pr\u00f2pia<\/td><td>S&#8217;utilitzen per gestionar l&#8217;idioma de l&#8217;usuari.<\/td><\/tr><tr><td>COOKIE_SUPPORT<\/td><td>Technique<\/td><td>Persistent<\/td><td>Pr\u00f2pia<\/td><td>Mostra si el seu navegador suporta cookies<\/td><\/tr><\/tbody><\/table><h1 lang=\"es-ES\">\u00bfC\u00d3MO DESACTIVAR O ELIMINAR LAS COOKIES?<\/h1><p lang=\"es-ES\">A continuaci\u00f3n, ponemos a su disposici\u00f3n la informaci\u00f3n que le permita configurar su navegador\/navegadores de Internet para mantener su privacidad y seguridad en relaci\u00f3n con las cookies. Por ello, le facilitamos la informaci\u00f3n y enlaces a los sitos de soporte oficiales de los principales navegadores para que pueda decidir si desea o no aceptar el uso de cookies.<\/p><p lang=\"es-ES\">As\u00ed, puede bloquear las cookies a trav\u00e9s de las herramientas de configuraci\u00f3n del navegador o bien puede configurar su navegador para que le avise cuando un servidor quiera guardar una cookie:<\/p><ul><li><p lang=\"es-ES\">Si utiliza Microsoft Internet Explorer, en la opci\u00f3n de men\u00fa Herramientas &gt; Opciones de Internet &gt; Privacidad &gt; Configuraci\u00f3n.\u00a0<u><a href=\"https:\/\/support.microsoft.com\/es-es\/help\/17442\/windows-internet-explorer-delete-manage-cookies\">M\u00e1s Informaci\u00f3n<\/a>.<\/u><\/p><\/li><li><p lang=\"es-ES\">Si utiliza Firefox, en la opci\u00f3n de men\u00fa Herramientas &gt; Opciones &gt; Privacidad &gt; Cookies.\u00a0<u><a href=\"https:\/\/support.mozilla.org\/es\/kb\/Deshabilitar%20cookies%20de%20terceros\">M\u00e1s Informaci\u00f3n<\/a>.<\/u><\/p><\/li><li><p lang=\"es-ES\">Si utiliza Chrome, en la secci\u00f3n de Opciones &gt; Opciones avanzadas &gt; Privacidad.\u00a0<u><a href=\"https:\/\/support.google.com\/chrome\/answer\/95647?hl=es\">M\u00e1s Informaci\u00f3n<\/a>.<\/u><\/p><\/li><li><p lang=\"es-ES\">Si utiliza Opera, en la opci\u00f3n de Seguridad y Privacidad, podr\u00e1s configurar el navegador.\u00a0<u><a href=\"https:\/\/www.opera.com\/help\/tutorials\/security\/cookies\/\">M\u00e1s Informaci\u00f3n<\/a>.<\/u><\/p><\/li><li><p lang=\"es-ES\">Si utiliza Safari, en la opci\u00f3n Preferencias &gt; Seguridad o Privacidad, podr\u00e1s configurar Navegador.\u00a0<u><a href=\"https:\/\/support.apple.com\/es-es\/guide\/safari\/sfri11471\/mac\">More Information<\/a>.<\/u><\/p><\/li><li><p lang=\"es-ES\">Si usa otro navegador, consulte su pol\u00edtica de instalaci\u00f3n, uso y bloqueo de cookies.<\/p><\/li><\/ul><h1 lang=\"es-ES\">\u00bfQU\u00c9 OCURRE SI SE DESHABILITAN LAS COOKIES?<\/h1><p lang=\"es-ES\">Algunas funcionalidades de los Servicios y \u00e1reas de este sitio web podr\u00edan no funcionar correctamente si se deshabilitan las cookies.<\/p><h1 lang=\"es-ES\">DESTINATARIOS DE LOS DATOS<\/h1><p lang=\"es-ES\">Consell Insular d\u2019Eivissa podr\u00e1 comunicar los datos recabados a autoridades y organismos p\u00fablicos, para el cumplimiento de una obligaci\u00f3n legal requerida, as\u00ed como a proveedores de servicios y a terceros necesarios para la gesti\u00f3n y ejecuci\u00f3n de las cookies.<\/p><p lang=\"es-ES\">Respecto de los terceros identificados en el cuadro de cookies, recomendamos consulte sus respectivas pol\u00edticas.<\/p><h1 lang=\"es-ES\">TRANSFERENCIAS A TERCEROS PA\u00cdSES<\/h1><p lang=\"es-ES\">Consell Insular d\u2019Eivissa tratamos sus datos dentro del Espacio Econ\u00f3mico Europeo y, con car\u00e1cter general, contratamos prestadores de servicios ubicados tambi\u00e9n dentro del Espacio Econ\u00f3mico Europeo o en pa\u00edses que han sido declarados con un nivel adecuado de protecci\u00f3n.<\/p><p lang=\"es-ES\">Si necesitamos utilizar proveedores de servicios que realicen tratamientos fuera del Espacio Econ\u00f3mico Europeo (en adelante, EEE) o en pa\u00edses que no han sido declarados con un nivel adecuado de protecci\u00f3n, nos asegurar\u00edamos de garantizar la seguridad y legitimidad del tratamiento de tus datos.<\/p><p lang=\"es-ES\">Para ello, exigimos las garant\u00edas adecuadas a esos proveedores de servicios de acuerdo con lo establecido en el Reglamento General de Protecci\u00f3n de Datos de manera que dispongan, por ejemplo, de normas corporativas vinculantes que garanticen la protecci\u00f3n de la informaci\u00f3n de manera similar a la que establecen las normas europeas o que suscriban las cl\u00e1usulas tipo de la Uni\u00f3n Europea.<\/p><p lang=\"es-ES\">En el caso de que\u00a0<b>acepte determinadas cookies de terceros,\u00a0<\/b>puede transferirse informaci\u00f3n fuera del EEE. Respecto de los terceros identificados en el cuadro de cookies, recomendamos consulte sus respectivas pol\u00edticas, indicadas en el apartado \u201c<i><b>m\u00e1s informaci\u00f3n<\/b><\/i>\u201d.<\/p><h1 lang=\"es-ES\">\u00bfCU\u00c1LES SON SUS DERECHOS?<\/h1><table width=\"566\" cellspacing=\"0\" cellpadding=\"7\"><tbody><tr><td rowspan=\"9\" bgcolor=\"#4b8891\" width=\"79\" height=\"35\"><p lang=\"es-ES\" align=\"left\"><b>DERECHOS<\/b><\/p><\/td><td width=\"118\"><p lang=\"es-ES\">Acceso<\/p><\/td><td width=\"325\"><p lang=\"es-ES\">Podr\u00e1 consultar sus datos incluidos en las bases de datos del Responsable.<\/p><\/td><\/tr><tr><td width=\"118\"><p lang=\"es-ES\">Rectificaci\u00f3n<\/p><\/td><td width=\"325\"><p lang=\"es-ES\">Podr\u00e1 modificar sus datos personales cuando estos sean inexactos.<\/p><\/td><\/tr><tr><td width=\"118\"><p lang=\"es-ES\">Supresi\u00f3n<\/p><\/td><td width=\"325\"><p lang=\"es-ES\">Podr\u00e1 solicitar la eliminaci\u00f3n de sus datos personales.<\/p><\/td><\/tr><tr><td width=\"118\"><p lang=\"es-ES\">Oposici\u00f3n<\/p><\/td><td width=\"325\"><p lang=\"es-ES\">Puede oponerse a que la entidad trate sus datos personales cuando la base jur\u00eddica para el tratamiento sea el inter\u00e9s leg\u00edtimo.<\/p><\/td><\/tr><tr><td width=\"118\"><p lang=\"es-ES\" align=\"left\">Oposici\u00f3n a decisiones automatizadas<\/p><\/td><td width=\"325\"><p lang=\"es-ES\">En caso de que tomemos alguna decisi\u00f3n de forma automatizada, puede oponerse y pedir que la decisi\u00f3n sea revisada por una persona; as\u00ed como; expresar su punto de vista o impugnar la decisi\u00f3n, cuando proceda.<\/p><\/td><\/tr><tr><td width=\"118\"><p lang=\"es-ES\">Portabilidad<\/p><\/td><td width=\"325\"><p lang=\"es-ES\">Tiene derecho a pedirnos que transfiramos sus datos a usted directamente o a otro tercero. Este derecho, solo ser\u00e1 de aplicaci\u00f3n cuando realicemos un tratamiento automatizado en base a su consentimiento o porque tenga un contrato con la entidad.<\/p><\/td><\/tr><tr><td width=\"118\"><p lang=\"es-ES\">Limitaci\u00f3n<\/p><\/td><td width=\"325\"><p lang=\"es-ES\">Podr\u00e1 solicitar la limitaci\u00f3n al tratamiento de sus datos cuando:<\/p><ul><li><p lang=\"es-ES\">Considere que no son exactos.<\/p><\/li><li><p lang=\"es-ES\">Han sido tratados de forma il\u00edcita.<\/p><\/li><li><p lang=\"es-ES\">No son necesarios para los fines perseguidos, pero desea que sean guardados para utilizarlos en el caso de una reclamaci\u00f3n.<\/p><\/li><li><p lang=\"es-ES\">Se ha opuesto a unos de los tratamientos basados en inter\u00e9s leg\u00edtimo.<\/p><\/li><\/ul><\/td><\/tr><tr><td width=\"118\"><p lang=\"es-ES\" align=\"left\">Retirar el consentimiento prestado<\/p><\/td><td width=\"325\"><p lang=\"es-ES\">Puede retirar su consentimiento en cualquier momento sin que afecte a los tratamientos anteriormente realizados. En cualquier caso, su consentimiento permanecer\u00e1 vigente mientras usted no lo retire.<\/p><\/td><\/tr><tr><td colspan=\"2\" width=\"457\"><p lang=\"es-ES\"><b>\u00bfC\u00f3mo puede ejercer sus derechos?<\/b><\/p><p lang=\"es-ES\">Las solicitudes pueden ser remitidas:<\/p><ul><li><p lang=\"es-ES\">Presencialmente: acudiendo a nuestras instalaciones situadas en: Avenida d&#8217;Espanya 49. Eivissa.<\/p><\/li><li><p lang=\"es-ES\"><span lang=\"es-ES\">Correo Electr\u00f3nico:\u00a0<\/span><u><a href=\"mailto:dpd@conselldeivissa.es\"><span lang=\"es-ES\">dpd@conselldeivissa.es<\/span><\/a><\/u><span lang=\"es-ES\">.<\/span><\/p><\/li><li><p lang=\"es-ES\"><span lang=\"es-ES\">En l\u00ednea: a trav\u00e9s de nuestra Sede electr\u00f3nica:\u00a0<\/span><u><a href=\"https:\/\/seu.conselldeivissa.es\/\"><span lang=\"es-ES\">https:\/\/seu.conselldeivissa.es<\/span><\/a><\/u><\/p><\/li><\/ul><p lang=\"es-ES\">En caso de solicitudes de derechos, el responsable del tratamiento llevar\u00e1 a cabo las averiguaciones oportunas y necesarias para cotejar y asegurar la identidad del solicitante. Sin perjuicio de lo anterior, se puede acreditar la identidad a trav\u00e9s de uno de los siguientes m\u00e9todos:<\/p><p lang=\"es-ES\">Aportar copia de un documento acreditativo de la identidad (DNI, NIE, Pasaporte o documento equivalente).<\/p><p lang=\"es-ES\">Firmar electr\u00f3nicamente el documento con un certificado digital v\u00e1lido.<\/p><p lang=\"es-ES\"><b>Reclamaciones ante la autoridad de control.<\/b><\/p><p lang=\"es-ES\"><span lang=\"es-ES\">En el caso de que considere que se han vulnerado sus derechos en protecci\u00f3n de datos, o su petici\u00f3n no ha sido atendida correctamente, puede plantear reclamaci\u00f3n ante la Autoridad de Control (Agencia Espa\u00f1ola en Protecci\u00f3n de Datos) en\u00a0<\/span><u><span lang=\"es-ES\"><a href=\"https:\/\/www.aepd.es\/es\">https:\/\/www.aepd.es\/es<\/a>.<\/span><\/u><\/p><ul><li><p lang=\"es-ES\">Direcci\u00f3n postal: C\/ Jorge Juan, 6. 28001 \u2013 Madrid.<\/p><\/li><li><p lang=\"es-ES\">Tel. 91.266.35.17<\/p><\/li><li><p lang=\"es-ES\"><span lang=\"es-ES\">Sede electr\u00f3nica:\u00a0<\/span><u><a href=\"https:\/\/sedeagpd.gob.es\/sede-electronica-web\/\"><span lang=\"es-ES\">https:\/\/sedeagpd.gob.es\/sede-electronica-web\/<\/span><\/a><\/u><\/p><\/li><\/ul><\/td><\/tr><\/tbody><\/table><h1 lang=\"es-ES\">MODIFICACI\u00d3N DE LA POL\u00cdTICA DE COOKIES<\/h1><p lang=\"es-ES\">Consell Insular d\u2019Eivissa puede modificar total o parcialmente esta Pol\u00edtica de Cookies si as\u00ed lo requiere la legislaci\u00f3n aplicable o con el fin de ajustarla a las cookies realmente utilizadas en la Web y en cualquier comunicaci\u00f3n electr\u00f3nica relacionada.<\/p><h1 lang=\"es-ES\">M\u00c1S INFORMACI\u00d3N.<\/h1><p lang=\"es-ES\">Para obtener m\u00e1s informaci\u00f3n sobre nuestras Pol\u00edticas de Privacidad y c\u00f3mo utilizamos sus datos personales puede llamarnos o visitar su sucursal u oficina local.<\/p><p lang=\"es-ES\" align=\"right\"><b>Fecha de \u00faltima versi\u00f3n:\u00a029 de marzo de 2023<\/b><\/p>\t\t\t\t\t\t<\/div>\n\t\t\t\t<\/div>\n\t\t\t\t\t<\/div>\n\t\t<\/div>\n\t\t\t\t\t\t\t<\/div>\n\t\t<\/section>\n\t\t\t\t\t\t\t<\/div>","protected":false},"excerpt":{"rendered":"<p>Esta Pol\u00edtica de Cookies informa sobre las cookies o tecnolog\u00edas similares que se instalan o pueden instalarse en su dispositivo al acceder y usar esta p\u00e1gina web\u00a0https:\/\/mave.es\/\u00a0(&#8220;la Web&#8221;). En el contexto de esta Pol\u00edtica de Cookies se utiliza el t\u00e9rmino &#8220;cookies&#8221; para referirse a las cookies y tecnolog\u00edas similares, tales como\u00a0p\u00edxeles,\u00a0web\u00a0beacons\u00a0o t\u00e9cnicas de huellas dactilares. [&hellip;]<\/p>","protected":false},"author":1,"featured_media":0,"parent":0,"menu_order":0,"comment_status":"closed","ping_status":"closed","template":"","meta":{"footnotes":""},"class_list":["post-4965","page","type-page","status-publish","hentry","entry"],"_links":{"self":[{"href":"https:\/\/mave.es\/en\/wp-json\/wp\/v2\/pages\/4965","targetHints":{"allow":["GET"]}}],"collection":[{"href":"https:\/\/mave.es\/en\/wp-json\/wp\/v2\/pages"}],"about":[{"href":"https:\/\/mave.es\/en\/wp-json\/wp\/v2\/types\/page"}],"author":[{"embeddable":true,"href":"https:\/\/mave.es\/en\/wp-json\/wp\/v2\/users\/1"}],"replies":[{"embeddable":true,"href":"https:\/\/mave.es\/en\/wp-json\/wp\/v2\/comments?post=4965"}],"version-history":[{"count":7,"href":"https:\/\/mave.es\/en\/wp-json\/wp\/v2\/pages\/4965\/revisions"}],"predecessor-version":[{"id":4972,"href":"https:\/\/mave.es\/en\/wp-json\/wp\/v2\/pages\/4965\/revisions\/4972"}],"wp:attachment":[{"href":"https:\/\/mave.es\/en\/wp-json\/wp\/v2\/media?parent=4965"}],"curies":[{"name":"wp","href":"https:\/\/api.w.org\/{rel}","templated":true}]}}