{"id":281,"date":"2022-07-16T13:56:59","date_gmt":"2022-07-16T13:56:59","guid":{"rendered":"https:\/\/mave.es\/?page_id=281"},"modified":"2023-04-02T10:41:24","modified_gmt":"2023-04-02T09:41:24","slug":"aviso-legal","status":"publish","type":"page","link":"https:\/\/mave.es\/en\/aviso-legal\/","title":{"rendered":"Aviso Legal"},"content":{"rendered":"<div data-elementor-type=\"wp-page\" data-elementor-id=\"281\" class=\"elementor elementor-281\">\n\t\t\t\t\t\t\t\t\t<section class=\"elementor-section elementor-top-section elementor-element elementor-element-33d99e10 elementor-section-stretched elementor-reverse-tablet elementor-reverse-mobile elementor-section-content-bottom elementor-section-boxed elementor-section-height-default elementor-section-height-default\" data-id=\"33d99e10\" data-element_type=\"section\" data-settings=\"{&quot;stretch_section&quot;:&quot;section-stretched&quot;,&quot;background_background&quot;:&quot;classic&quot;,&quot;jet_parallax_layout_list&quot;:[]}\">\n\t\t\t\t\t\t<div class=\"elementor-container elementor-column-gap-no\">\n\t\t\t\t\t<div class=\"elementor-column elementor-col-50 elementor-top-column elementor-element elementor-element-5f1623d4\" data-id=\"5f1623d4\" data-element_type=\"column\">\n\t\t\t<div class=\"elementor-widget-wrap elementor-element-populated\">\n\t\t\t\t\t\t\t\t<div class=\"elementor-element elementor-element-9b5fca1 elementor-widget elementor-widget-heading\" data-id=\"9b5fca1\" data-element_type=\"widget\" data-widget_type=\"heading.default\">\n\t\t\t\t<div class=\"elementor-widget-container\">\n\t\t\t<style>\/*! elementor - v3.11.5 - 14-03-2023 *\/\n.elementor-heading-title{padding:0;margin:0;line-height:1}.elementor-widget-heading .elementor-heading-title[class*=elementor-size-]>a{color:inherit;font-size:inherit;line-height:inherit}.elementor-widget-heading .elementor-heading-title.elementor-size-small{font-size:15px}.elementor-widget-heading .elementor-heading-title.elementor-size-medium{font-size:19px}.elementor-widget-heading .elementor-heading-title.elementor-size-large{font-size:29px}.elementor-widget-heading .elementor-heading-title.elementor-size-xl{font-size:39px}.elementor-widget-heading .elementor-heading-title.elementor-size-xxl{font-size:59px}<\/style><h2 class=\"elementor-heading-title elementor-size-default\">Aviso Legal<\/h2>\t\t<\/div>\n\t\t\t\t<\/div>\n\t\t\t\t\t<\/div>\n\t\t<\/div>\n\t\t\t\t<div class=\"elementor-column elementor-col-50 elementor-top-column elementor-element elementor-element-3589d936\" data-id=\"3589d936\" data-element_type=\"column\">\n\t\t\t<div class=\"elementor-widget-wrap\">\n\t\t\t\t\t\t\t\t\t<\/div>\n\t\t<\/div>\n\t\t\t\t\t\t\t<\/div>\n\t\t<\/section>\n\t\t\t\t<section class=\"elementor-section elementor-top-section elementor-element elementor-element-fcb2ac6 elementor-section-boxed elementor-section-height-default elementor-section-height-default\" data-id=\"fcb2ac6\" data-element_type=\"section\" data-settings=\"{&quot;jet_parallax_layout_list&quot;:[]}\">\n\t\t\t\t\t\t<div class=\"elementor-container elementor-column-gap-default\">\n\t\t\t\t\t<div class=\"elementor-column elementor-col-100 elementor-top-column elementor-element elementor-element-c67b241\" data-id=\"c67b241\" data-element_type=\"column\">\n\t\t\t<div class=\"elementor-widget-wrap elementor-element-populated\">\n\t\t\t\t\t\t\t\t<div class=\"elementor-element elementor-element-338b121 elementor-widget elementor-widget-text-editor\" data-id=\"338b121\" data-element_type=\"widget\" data-widget_type=\"text-editor.default\">\n\t\t\t\t<div class=\"elementor-widget-container\">\n\t\t\t<style>\/*! elementor - v3.11.5 - 14-03-2023 *\/\n.elementor-widget-text-editor.elementor-drop-cap-view-stacked .elementor-drop-cap{background-color:#818a91;color:#fff}.elementor-widget-text-editor.elementor-drop-cap-view-framed .elementor-drop-cap{color:#818a91;border:3px solid;background-color:transparent}.elementor-widget-text-editor:not(.elementor-drop-cap-view-default) .elementor-drop-cap{margin-top:8px}.elementor-widget-text-editor:not(.elementor-drop-cap-view-default) .elementor-drop-cap-letter{width:1em;height:1em}.elementor-widget-text-editor .elementor-drop-cap{float:left;text-align:center;line-height:1;font-size:50px}.elementor-widget-text-editor .elementor-drop-cap-letter{display:inline-block}<\/style>\t\t\t\t<h2 class=\"western\" lang=\"es-ES\"><a name=\"_Hlk96522371\"><\/a> <span style=\"font-size: small;\"><b>IDENTIFICACI\u00d3N <\/b><\/span><\/h2><p class=\"western\" lang=\"es-ES\" align=\"justify\"><span style=\"font-family: Noto Sans, serif;\"><span style=\"font-size: small;\"><b>Consell Insular <\/b><b>d\u2019Eivissa<\/b> es responsable del tratamiento de sus datos personales. <\/span><\/span><\/p><ul><li><p lang=\"es-ES\" align=\"justify\"><span style=\"font-family: Noto Sans, serif;\"><span style=\"font-size: small;\"><span lang=\"pt-PT\"><b>Domicilio social:<\/b><\/span> <span lang=\"pt-PT\">Avenida d&#8217;Espanya 49. Eivissa.<\/span> <\/span><\/span><\/p><\/li><li><p lang=\"es-ES\" align=\"justify\"><span style=\"font-family: Noto Sans, serif;\"><span style=\"font-size: small;\"><b>Contacto:<\/b> <\/span><\/span><\/p><\/li><\/ul><ul><li><p lang=\"es-ES\" align=\"justify\"><span style=\"font-family: Noto Sans, serif;\"><span style=\"font-size: small;\">Avenida d&#8217;Espanya 49. Eivissa. <\/span><\/span><\/p><\/li><li><p lang=\"es-ES\" align=\"justify\"><span style=\"font-family: Noto Sans, serif;\"><span style=\"font-size: small;\">Correo Electr\u00f3nico: info@conselldeivissa.es<\/span><\/span><\/p><\/li><li><p lang=\"es-ES\" align=\"justify\"><span style=\"font-family: Noto Sans, serif;\"><span style=\"font-size: small;\">En l\u00ednea: a trav\u00e9s de nuestra Sede electr\u00f3nica: <span style=\"color: #0563c1;\"><u><a href=\"https:\/\/seu.conselldeivissa.es\/\">https:\/\/seu.conselldeivissa.es<\/a><\/u><\/span> <\/span><\/span><\/p><\/li><\/ul><p lang=\"es-ES\" align=\"justify\"><br \/><br \/><\/p><h1 class=\"western\" lang=\"es-ES\"><a name=\"_Toc130942487\"><\/a><span style=\"font-size: small;\">OBJETO<\/span><\/h1><p class=\"western\" lang=\"es-ES\" align=\"justify\"><span style=\"font-family: Noto Sans, serif;\"><span style=\"font-size: small;\">A trav\u00e9s del portal, <span style=\"color: #0563c1;\"><u><a href=\"https:\/\/mave.es\/en\/\">https:\/\/mave.es\/<\/a><\/u><\/span> se facilita a los usuarios el acceso y la utilizaci\u00f3n de diversos servicios y contenidos que est\u00e1n a disposici\u00f3n de los ciudadanos de Eivissa. El Consell d&#8217;Eivissa se reserva el derecho a modificar unilateralmente, en cualquier momento y sin aviso previo, la presentaci\u00f3n y la configuraci\u00f3n del Portal de Transparencia, as\u00ed como tambi\u00e9n se reserva el derecho a modificar o eliminar algunos servicios y utilidades.<\/span><\/span><\/p><p class=\"western\" lang=\"es-ES\" align=\"justify\"><br \/><br \/><\/p><h1 class=\"western\" lang=\"es-ES\"><a name=\"_Toc130942488\"><\/a><span style=\"font-size: small;\">CONDICIONES LEGALES Y SU ACEPTACI\u00d3N<\/span><\/h1><p class=\"western\" lang=\"es-ES\" align=\"justify\"><span style=\"font-family: Noto Sans, serif;\"><span style=\"font-size: small;\">Estas condiciones generales, regulan el uso del servicio del portal d&#8217;Internet <span style=\"color: #0563c1;\"><u><a href=\"https:\/\/mave.es\/en\/\">https:\/\/mave.es\/<\/a><\/u><\/span> <\/span><\/span><\/p><h1 class=\"western\" lang=\"es-ES\"><br \/><br \/><\/h1><h1 class=\"western\" lang=\"es-ES\"><a name=\"_Toc130942489\"><\/a><span style=\"font-size: small;\">CONDICIONES DE ACCESO Y FUNCIONAMIENTO DEL PORTAL<\/span><\/h1><p class=\"western\" lang=\"es-ES\" align=\"justify\"><span style=\"font-family: Noto Sans, serif;\"><span style=\"font-size: small;\"><span style=\"color: #0563c1;\"><u><a href=\"https:\/\/mave.es\/en\/\">https:\/\/mave.es\/<\/a><\/u><\/span>es un portal totalmente gratuito para sus usuarios. No obstante, la utilizaci\u00f3n de ciertos servicios se ha de realizar mediante suscripci\u00f3n previa.<\/span><\/span><\/p><p class=\"western\" lang=\"es-ES\" align=\"justify\"><span style=\"font-family: Noto Sans, serif;\"><span style=\"font-size: small;\">El usuario se compromete a utilizar el portal de manera correcta y de acuerdo con la ley. En caso de provocar perjuicios al Portal de Transparencia del Consell d&#8217;Eivissa, ser\u00e1 responsable de los da\u00f1os provocados.<\/span><\/span><\/p><p class=\"western\" lang=\"es-ES\" align=\"justify\"><span style=\"font-family: Noto Sans, serif;\"><span style=\"font-size: small;\">El Consell d&#8217;Eivissa no se hace cargo del mal uso del portal y de irregularidades en los PC de los usuarios, de las cuales ser\u00e1n responsables los propios usuarios.<\/span><\/span><\/p><h1 class=\"western\" lang=\"es-ES\"><a name=\"_Toc130942490\"><\/a><span style=\"font-size: small;\">ACTUALIZACI\u00d3N DE LA INFORMACI\u00d3N Y CONTENIDOS<\/span><\/h1><p lang=\"es-ES\" align=\"justify\"><span style=\"color: #1b1b1b;\"><span style=\"font-family: Noto Sans, serif;\"><span style=\"font-size: small;\">La informaci\u00f3n que aparece en el Portal es la vigente en la fecha de su \u00faltima actualizaci\u00f3n. El <\/span><\/span><\/span><span style=\"font-family: Noto Sans, serif;\"><span style=\"font-size: small;\"><b>Consell Insular <\/b><\/span><\/span><span style=\"font-family: Noto Sans, serif;\"><span style=\"font-size: small;\"><b>d\u2019Eivissa<\/b><\/span><\/span><span style=\"color: #1b1b1b;\"><span style=\"font-family: Noto Sans, serif;\"><span style=\"font-size: small;\"> se reserva el derecho a actualizar, modificar o eliminar la informaci\u00f3n de este Portal, pudiendo limitar o no permitir el acceso a <\/span><\/span><\/span><span style=\"color: #1b1b1b;\"><span style=\"font-family: Noto Sans, serif;\"><span style=\"font-size: small;\">esta web. <\/span><\/span><\/span><\/p><p lang=\"es-ES\" align=\"justify\"><span style=\"color: #1b1b1b;\"><span style=\"font-family: Noto Sans, serif;\"><span style=\"font-size: small;\">El <\/span><\/span><\/span><span style=\"font-family: Noto Sans, serif;\"><span style=\"font-size: small;\"><b>Consell Insular <\/b><\/span><\/span><span style=\"font-family: Noto Sans, serif;\"><span style=\"font-size: small;\"><b>d\u2019Eivissa<\/b><\/span><\/span><span style=\"color: #1b1b1b;\"><span style=\"font-family: Noto Sans, serif;\"><span style=\"font-size: small;\"> realiza los m\u00e1ximos esfuerzos para evitar cualquier error en los contenidos que pudieran aparecer en el Portal. No obstante, <\/span><\/span><\/span><span style=\"color: #1b1b1b;\"><span style=\"font-family: Noto Sans, serif;\"><span style=\"font-size: small;\">el <\/span><\/span><\/span><span style=\"font-family: Noto Sans, serif;\"><span style=\"font-size: small;\"><b>Consell Insular <\/b><\/span><\/span><span style=\"font-family: Noto Sans, serif;\"><span style=\"font-size: small;\"><b>d\u2019Eivissa<\/b><\/span><\/span><span style=\"color: #1b1b1b;\"><span style=\"font-family: Noto Sans, serif;\"><span style=\"font-size: small;\"> no puede garantizar la inexistencia de errores ni que el contenido de la informaci\u00f3n se encuentre permanentemente actualizado.<\/span><\/span><\/span><\/p><p lang=\"es-ES\" align=\"justify\"><span style=\"color: #1b1b1b;\"><span style=\"font-family: Noto Sans, serif;\"><span style=\"font-size: small;\">El acceso al Portal, as\u00ed como el uso que pueda hacerse de la informaci\u00f3n que contiene, son de la exclusiva responsabilidad del usuario. El <\/span><\/span><\/span><span style=\"font-family: Noto Sans, serif;\"><span style=\"font-size: small;\"><b>Consell Insular <\/b><\/span><\/span><span style=\"font-family: Noto Sans, serif;\"><span style=\"font-size: small;\"><b>d\u2019Eivissa<\/b><\/span><\/span><span style=\"color: #1b1b1b;\"><span style=\"font-family: Noto Sans, serif;\"><span style=\"font-size: small;\"> no se responsabilizar\u00e1 de ning\u00fan perjuicio que pudiera derivarse de este acceso o uso de informaci\u00f3n.<\/span><\/span><\/span><\/p><p lang=\"es-ES\" align=\"justify\"><span style=\"color: #1b1b1b;\"><span style=\"font-family: Noto Sans, serif;\"><span style=\"font-size: small;\">En la web puedeque se incluyen enlaces a p\u00e1ginas de sitios Web de terceros\u00a0<\/span><\/span><\/span><span style=\"color: #1b1b1b;\"><span style=\"font-family: Noto Sans, serif;\"><span style=\"font-size: small;\"><i>&#8220;link&#8221;<\/i><\/span><\/span><\/span><span style=\"color: #1b1b1b;\"><span style=\"font-family: Noto Sans, serif;\"><span style=\"font-size: small;\">, la mayor parte a p\u00e1ginas de Internet de otras Administraciones P\u00fablicas que se han considerado de inter\u00e9s para los usuarios. El <\/span><\/span><\/span><span style=\"font-family: Noto Sans, serif;\"><span style=\"font-size: small;\"><b>Consell Insular <\/b><\/span><\/span><span style=\"font-family: Noto Sans, serif;\"><span style=\"font-size: small;\"><b>d\u2019Eivissa<\/b><\/span><\/span><span style=\"color: #1b1b1b;\"><span style=\"font-family: Noto Sans, serif;\"><span style=\"font-size: small;\"> no asume ninguna responsabilidad derivada de las conexiones o los contenidos de estos enlaces.<\/span><\/span><\/span><\/p><h1 class=\"western\" lang=\"es-ES\"><br \/><br \/><\/h1><h1 class=\"western\" lang=\"es-ES\"><a name=\"_Toc130942491\"><\/a><span style=\"font-size: small;\">PROPIEDAD INTELECTUAL<\/span><\/h1><p lang=\"es-ES\" align=\"justify\"><span style=\"color: #1b1b1b;\"><span style=\"font-family: Noto Sans, serif;\"><span style=\"font-size: small;\">Los derechos de propiedad intelectual de este Portal, su dise\u00f1o y sus contenidos, son titularidad del <\/span><\/span><\/span><span style=\"font-family: Noto Sans, serif;\"><span style=\"font-size: small;\"><b>Consell Insular <\/b><\/span><\/span><span style=\"font-family: Noto Sans, serif;\"><span style=\"font-size: small;\"><b>d\u2019Eivissa<\/b><\/span><\/span><span style=\"color: #1b1b1b;\"><span style=\"font-family: Noto Sans, serif;\"><span style=\"font-size: small;\"> ll<\/span><\/span><\/span><span style=\"color: #1b1b1b;\"><span style=\"font-family: Noto Sans, serif;\"><span style=\"font-size: small;\">, salvo expresa identificaci\u00f3n de una titularidad diferente, y est\u00e1n protegidos por la legislaci\u00f3n vigente sobre propiedad intelectual.<\/span><\/span><\/span><\/p><p lang=\"es-ES\" align=\"justify\"><span style=\"color: #1b1b1b;\"><span style=\"font-family: Noto Sans, serif;\"><span style=\"font-size: small;\">El <\/span><\/span><\/span><span style=\"font-family: Noto Sans, serif;\"><span style=\"font-size: small;\"><b>Consell Insular <\/b><\/span><\/span><span style=\"font-family: Noto Sans, serif;\"><span style=\"font-size: small;\"><b>d\u2019Eivissa<\/b><\/span><\/span><span style=\"color: #1b1b1b;\"><span style=\"font-family: Noto Sans, serif;\"><span style=\"font-size: small;\"> se reserva la posibilidad de ejercer las acciones judiciales que correspondan contra los usuarios que violen o infrinjan los derechos de propiedad intelectual.<\/span><\/span><\/span><\/p>\t\t\t\t\t\t<\/div>\n\t\t\t\t<\/div>\n\t\t\t\t\t<\/div>\n\t\t<\/div>\n\t\t\t\t\t\t\t<\/div>\n\t\t<\/section>\n\t\t\t\t\t\t\t<\/div>","protected":false},"excerpt":{"rendered":"<p>Aviso Legal IDENTIFICACI\u00d3N Consell Insular d\u2019Eivissa es responsable del tratamiento de sus datos personales. Domicilio social: Avenida d&#8217;Espanya 49. Eivissa. Contacto: Avenida d&#8217;Espanya 49. Eivissa. Correo Electr\u00f3nico: info@conselldeivissa.es En l\u00ednea: a trav\u00e9s de nuestra Sede electr\u00f3nica: https:\/\/seu.conselldeivissa.es OBJETO A trav\u00e9s del portal, https:\/\/mave.es\/ se facilita a los usuarios el acceso y la utilizaci\u00f3n de diversos [&hellip;]<\/p>","protected":false},"author":1,"featured_media":0,"parent":0,"menu_order":0,"comment_status":"closed","ping_status":"closed","template":"elementor_header_footer","meta":{"footnotes":""},"class_list":["post-281","page","type-page","status-publish","hentry","entry"],"_links":{"self":[{"href":"https:\/\/mave.es\/en\/wp-json\/wp\/v2\/pages\/281","targetHints":{"allow":["GET"]}}],"collection":[{"href":"https:\/\/mave.es\/en\/wp-json\/wp\/v2\/pages"}],"about":[{"href":"https:\/\/mave.es\/en\/wp-json\/wp\/v2\/types\/page"}],"author":[{"embeddable":true,"href":"https:\/\/mave.es\/en\/wp-json\/wp\/v2\/users\/1"}],"replies":[{"embeddable":true,"href":"https:\/\/mave.es\/en\/wp-json\/wp\/v2\/comments?post=281"}],"version-history":[{"count":13,"href":"https:\/\/mave.es\/en\/wp-json\/wp\/v2\/pages\/281\/revisions"}],"predecessor-version":[{"id":4950,"href":"https:\/\/mave.es\/en\/wp-json\/wp\/v2\/pages\/281\/revisions\/4950"}],"wp:attachment":[{"href":"https:\/\/mave.es\/en\/wp-json\/wp\/v2\/media?parent=281"}],"curies":[{"name":"wp","href":"https:\/\/api.w.org\/{rel}","templated":true}]}}