{"id":269,"date":"2022-07-16T13:49:20","date_gmt":"2022-07-16T13:49:20","guid":{"rendered":"https:\/\/mave.es\/?page_id=269"},"modified":"2022-12-27T13:50:31","modified_gmt":"2022-12-27T13:50:31","slug":"sobre-mave","status":"publish","type":"page","link":"https:\/\/mave.es\/en\/sobre-mave\/","title":{"rendered":"About mave"},"content":{"rendered":"<div data-elementor-type=\"wp-page\" data-elementor-id=\"269\" class=\"elementor elementor-269\">\n\t\t\t\t\t\t\t\t\t<section class=\"elementor-section elementor-top-section elementor-element elementor-element-33d99e10 elementor-section-stretched elementor-reverse-tablet elementor-reverse-mobile elementor-section-content-bottom elementor-section-boxed elementor-section-height-default elementor-section-height-default\" data-id=\"33d99e10\" data-element_type=\"section\" data-settings=\"{&quot;stretch_section&quot;:&quot;section-stretched&quot;,&quot;background_background&quot;:&quot;classic&quot;,&quot;jet_parallax_layout_list&quot;:[]}\">\n\t\t\t\t\t\t\t<div class=\"elementor-background-overlay\"><\/div>\n\t\t\t\t\t\t\t<div class=\"elementor-container elementor-column-gap-no\">\n\t\t\t\t\t<div class=\"elementor-column elementor-col-50 elementor-top-column elementor-element elementor-element-5f1623d4\" data-id=\"5f1623d4\" data-element_type=\"column\">\n\t\t\t<div class=\"elementor-widget-wrap elementor-element-populated\">\n\t\t\t\t\t\t\t\t<div class=\"elementor-element elementor-element-1a222a3f elementor-align-left elementor-mobile-align-left elementor-widget elementor-widget-button\" data-id=\"1a222a3f\" data-element_type=\"widget\" data-widget_type=\"button.default\">\n\t\t\t\t<div class=\"elementor-widget-container\">\n\t\t\t\t\t<div class=\"elementor-button-wrapper\">\n\t\t\t<a class=\"elementor-button elementor-size-sm\" role=\"button\">\n\t\t\t\t\t\t<span class=\"elementor-button-content-wrapper\">\n\t\t\t\t\t\t<span class=\"elementor-button-text\">know us<\/span>\n\t\t<\/span>\n\t\t\t\t\t<\/a>\n\t\t<\/div>\n\t\t\t\t<\/div>\n\t\t\t\t<\/div>\n\t\t\t\t<div class=\"elementor-element elementor-element-9b5fca1 elementor-widget elementor-widget-heading\" data-id=\"9b5fca1\" data-element_type=\"widget\" data-widget_type=\"heading.default\">\n\t\t\t\t<div class=\"elementor-widget-container\">\n\t\t\t<style>\/*! elementor - v3.11.5 - 14-03-2023 *\/\n.elementor-heading-title{padding:0;margin:0;line-height:1}.elementor-widget-heading .elementor-heading-title[class*=elementor-size-]>a{color:inherit;font-size:inherit;line-height:inherit}.elementor-widget-heading .elementor-heading-title.elementor-size-small{font-size:15px}.elementor-widget-heading .elementor-heading-title.elementor-size-medium{font-size:19px}.elementor-widget-heading .elementor-heading-title.elementor-size-large{font-size:29px}.elementor-widget-heading .elementor-heading-title.elementor-size-xl{font-size:39px}.elementor-widget-heading .elementor-heading-title.elementor-size-xxl{font-size:59px}<\/style><h2 class=\"elementor-heading-title elementor-size-default\">About Mave<\/h2>\t\t<\/div>\n\t\t\t\t<\/div>\n\t\t\t\t<div class=\"elementor-element elementor-element-344ecb27 elementor-widget elementor-widget-text-editor\" data-id=\"344ecb27\" data-element_type=\"widget\" data-widget_type=\"text-editor.default\">\n\t\t\t\t<div class=\"elementor-widget-container\">\n\t\t\t<style>\/*! elementor - v3.11.5 - 14-03-2023 *\/\n.elementor-widget-text-editor.elementor-drop-cap-view-stacked .elementor-drop-cap{background-color:#818a91;color:#fff}.elementor-widget-text-editor.elementor-drop-cap-view-framed .elementor-drop-cap{color:#818a91;border:3px solid;background-color:transparent}.elementor-widget-text-editor:not(.elementor-drop-cap-view-default) .elementor-drop-cap{margin-top:8px}.elementor-widget-text-editor:not(.elementor-drop-cap-view-default) .elementor-drop-cap-letter{width:1em;height:1em}.elementor-widget-text-editor .elementor-drop-cap{float:left;text-align:center;line-height:1;font-size:50px}.elementor-widget-text-editor .elementor-drop-cap-letter{display:inline-block}<\/style>\t\t\t\t<p class=\"western\" lang=\"ca-ES\" align=\"justify\"><span style=\"font-size: medium;\"><span lang=\"es-ES\">Ever since the Consell Insular was established, its art collection has been continuously growing, bringing together the wide variety of techniques and styles that make up the modern and contemporary Eivissa art scene.<\/span><\/span><\/p>\t\t\t\t\t\t<\/div>\n\t\t\t\t<\/div>\n\t\t\t\t\t<\/div>\n\t\t<\/div>\n\t\t\t\t<div class=\"elementor-column elementor-col-50 elementor-top-column elementor-element elementor-element-3589d936\" data-id=\"3589d936\" data-element_type=\"column\">\n\t\t\t<div class=\"elementor-widget-wrap\">\n\t\t\t\t\t\t\t\t\t<\/div>\n\t\t<\/div>\n\t\t\t\t\t\t\t<\/div>\n\t\t<\/section>\n\t\t\t\t<section class=\"elementor-section elementor-top-section elementor-element elementor-element-802cc08 elementor-section-boxed elementor-section-height-default elementor-section-height-default\" data-id=\"802cc08\" data-element_type=\"section\" data-settings=\"{&quot;jet_parallax_layout_list&quot;:[]}\">\n\t\t\t\t\t\t<div class=\"elementor-container elementor-column-gap-default\">\n\t\t\t\t\t<div class=\"elementor-column elementor-col-100 elementor-top-column elementor-element elementor-element-37119d7\" data-id=\"37119d7\" data-element_type=\"column\">\n\t\t\t<div class=\"elementor-widget-wrap elementor-element-populated\">\n\t\t\t\t\t\t\t\t<div class=\"elementor-element elementor-element-02bd0f5 elementor-widget elementor-widget-heading\" data-id=\"02bd0f5\" data-element_type=\"widget\" data-widget_type=\"heading.default\">\n\t\t\t\t<div class=\"elementor-widget-container\">\n\t\t\t<h2 class=\"elementor-heading-title elementor-size-default\">VIRTUAL MUSEUM - THE CONSELL INSULAR OF EIVISSA\u2019S ART COLLECTION<\/h2>\t\t<\/div>\n\t\t\t\t<\/div>\n\t\t\t\t<div class=\"elementor-element elementor-element-b484cf8 elementor-widget elementor-widget-text-editor\" data-id=\"b484cf8\" data-element_type=\"widget\" data-widget_type=\"text-editor.default\">\n\t\t\t\t<div class=\"elementor-widget-container\">\n\t\t\t\t\t\t\t<p class=\"western\" lang=\"ca-ES\" align=\"justify\"><span lang=\"es-ES\">In this virtual museum, visitors can enjoy the current art collection belonging to the <\/span><span style=\"font-size: medium;\"><span lang=\"es-ES\">Consell Insular of Eivissa. Any new acquisitions will also be included in this collection, as well as art exhibitions presented in Sa Nostra Sala and the Ethnographic Museum of Eivissa.<\/span><\/span><\/p>\t\t\t\t\t\t<\/div>\n\t\t\t\t<\/div>\n\t\t\t\t<div class=\"elementor-element elementor-element-4549512 elementor-widget elementor-widget-heading\" data-id=\"4549512\" data-element_type=\"widget\" data-widget_type=\"heading.default\">\n\t\t\t\t<div class=\"elementor-widget-container\">\n\t\t\t<h2 class=\"elementor-heading-title elementor-size-default\">WHAT IS THE CONSELL INSULAR OF EIVISSA\u2019S ART COLLECTION?<\/h2>\t\t<\/div>\n\t\t\t\t<\/div>\n\t\t\t\t<div class=\"elementor-element elementor-element-e1a3f98 elementor-widget elementor-widget-text-editor\" data-id=\"e1a3f98\" data-element_type=\"widget\" data-widget_type=\"text-editor.default\">\n\t\t\t\t<div class=\"elementor-widget-container\">\n\t\t\t\t\t\t\t<p class=\"western\" lang=\"ca-ES\" align=\"justify\"><span style=\"font-size: medium;\"><span lang=\"es-ES\">The Consell Insular of Eivissa art collection was created in 1979, the same year in which the Consell Insular of Eivissa and Formentera was established. From that moment on, the Consell Insular has been responsible for cataloguing, inventorying, preserving and restoring, as well as publicising this essential part of Eivissa artistic heritage.<\/span><\/span><\/p><p class=\"western\" lang=\"ca-ES\" align=\"justify\"><span style=\"font-size: medium;\"><span lang=\"es-ES\">This art collection is mainly made up of works by artists born in Eivissa or related to the island. It started up as a humble set of pieces, but it has been progressively growing as circumstances, opportunities and cultural policies have allowed or encouraged it. In recent years, a significant effort has been made by the Consell Insular of Eivissa in order to expand its art collection by means of acquisitions, donations, transfers or deposits of artworks. In addition, the artwork catalogue updating has also been fostered.<\/span><\/span><\/p>\t\t\t\t\t\t<\/div>\n\t\t\t\t<\/div>\n\t\t\t\t<div class=\"elementor-element elementor-element-e8921ab elementor-widget elementor-widget-heading\" data-id=\"e8921ab\" data-element_type=\"widget\" data-widget_type=\"heading.default\">\n\t\t\t\t<div class=\"elementor-widget-container\">\n\t\t\t<h2 class=\"elementor-heading-title elementor-size-default\">THE CONSELL INSULAR OF EIVISSA\u2019S ART COLLECTION<\/h2>\t\t<\/div>\n\t\t\t\t<\/div>\n\t\t\t\t<div class=\"elementor-element elementor-element-dc47f80 elementor-widget elementor-widget-text-editor\" data-id=\"dc47f80\" data-element_type=\"widget\" data-widget_type=\"text-editor.default\">\n\t\t\t\t<div class=\"elementor-widget-container\">\n\t\t\t\t\t\t\t<p class=\"western\" lang=\"ca-ES\" align=\"justify\"><span style=\"font-size: medium;\"><span lang=\"es-ES\">It is said that Art is sensitivity of people and expression of the society that creates it. Artists may be led to create, draw, paint, model or chisel by so many motivations and circumstances; and their creative inquisitiveness may be awaken by so many feelings. Thus, it would be rare and difficult for an artist not to be influenced by their environment at all. This is the reason why, among other more aesthetic and artistic aspects, the study of a society and the knowledge of a people help us to understand artists\u2019 creative motivations. On the other hand, studying artists and their artworks provides people with an enriching and complementary knowledge of each people. The Consell Insular of Eivissa understands it that way, being an essential motivating factor when creating and expanding its art collection. An institutional collection whose aim is to present the wide variety of techniques and styles that make up the modern and contemporary Eivissa art scene.<\/span><\/span><\/p>\t\t\t\t\t\t<\/div>\n\t\t\t\t<\/div>\n\t\t\t\t<div class=\"elementor-element elementor-element-e2818c9 elementor-widget elementor-widget-heading\" data-id=\"e2818c9\" data-element_type=\"widget\" data-widget_type=\"heading.default\">\n\t\t\t\t<div class=\"elementor-widget-container\">\n\t\t\t<h2 class=\"elementor-heading-title elementor-size-default\">Eivissa\u2019s Art<\/h2>\t\t<\/div>\n\t\t\t\t<\/div>\n\t\t\t\t<div class=\"elementor-element elementor-element-05b87b7 elementor-widget elementor-widget-text-editor\" data-id=\"05b87b7\" data-element_type=\"widget\" data-widget_type=\"text-editor.default\">\n\t\t\t\t<div class=\"elementor-widget-container\">\n\t\t\t\t\t\t\t<p class=\"western\" lang=\"ca-ES\" align=\"justify\"><span style=\"font-size: medium;\"><span lang=\"es-ES\">Like in many other places at the end of the nineteenth century, in the largest Pitiusa Island an interest in reproducing ground-truth images emerged: photography. Several events, landscapes, portraits, among other subjects, are frozen and captured in an image for the future to come. In this world of \"technological innovations\", the curious artist spirit of the young Narc\u00eds Puget Vi\u00f1as, considered by many to be the father of modern painting in Eivissa, grew and developed. At first, his concern was to capture reality quite faithfully and, as a result, he travelled to Barcelona to be trained in photography. However, once there, he quickly realised reality was made up of colours, hues, textures, and began to show an interest in art. Greatly influenced by Impressionism he started his training, specifically in painting. <\/span><\/span><\/p><p class=\"western\" lang=\"ca-ES\" align=\"justify\"><span style=\"font-size: medium;\"><span lang=\"es-ES\">Upon returning to Eivissa, he combined his work as a photographer with teaching pictorial technique in an atelier to those young men who showed an interest in it: Josep Tarr\u00e9s, Antoni Pomar, Vicent Ferrer Guasch and his own son, Narc\u00eds Puget Riquer, among others. Many of his pupils developed defined personalities and creative techniques. Since the 1930s and later on, in a second stage in the 1950s, that batch of young painters, disciples of <\/span><\/span><span style=\"font-size: medium;\"><span lang=\"es-ES\"><i>Ciset<\/i><\/span><\/span><span style=\"font-size: medium;\"><span lang=\"es-ES\">, as the old painter and teacher was known, coexisted with the arrival on the island of many artists from all over Europe. Those artists sought after refuge, being enchanted by Mediterranean colours, a pleasant climate and a kind of social environment, based on the premise <\/span><\/span><span style=\"font-size: medium;\"><span lang=\"es-ES\"><i>laissez fer<\/i><\/span><\/span><span style=\"font-size: medium;\"><span lang=\"es-ES\">,<\/span><\/span><span style=\"font-size: medium;\"><span lang=\"es-ES\"><i> laissez passer<\/i><\/span><\/span><span style=\"font-size: medium;\"><span lang=\"es-ES\">. <\/span><\/span><\/p><p class=\"western\" lang=\"ca-ES\" align=\"justify\"><span style=\"font-size: medium;\"><span lang=\"es-ES\">Most of those foreign artists created the group Ibiza 59, a greatly influential artistic cluster. Cosmopolitan and groundbreaking people, whose ways of expression and pictorial techniques were abstract and avant-garde. In turn local painters, also outstanding technically and artistically, founded the group Puget in 1962. Following the former impressionist technique taught by Puget Vi\u00f1as, they all left an important personal mark comprising scenes painted in a costumbrista style (depicting everyday manners and customs), local landscapes, seascapes, portraits and still lifes. This figurative painting style would evolve from Antoni Mari Ribas Portmany\u2018s thick brushstrokes to Ferrer Guasch\u2019s stylised lines and luminous whites; from Puget Riquer\u2019s outstanding watercolour technique to Pomar\u2019s scenes inspired by Sorolla; and from Josep Tarr\u00e9s, <\/span><\/span><span style=\"font-size: medium;\"><span lang=\"es-ES\"><i>the painter with topaz eyes,<\/i><\/span><\/span><span style=\"font-size: medium;\"><span lang=\"es-ES\"> to Tur Costa, possibly the father of abstract painting in the Balearic Islands.<\/span><\/span><\/p><p class=\"western\" lang=\"ca-ES\" align=\"justify\"><span style=\"font-size: medium;\"><span lang=\"es-ES\">Up until today, the artistic scene of Eivissa gathers a wide mix of different techniques, themes, disciplines...  giving way to a variety of trends and styles that reveal its remarkable artistic production and innovative creative initiatives.<\/span><\/span><\/p>\t\t\t\t\t\t<\/div>\n\t\t\t\t<\/div>\n\t\t\t\t<div class=\"elementor-element elementor-element-349a79e elementor-widget elementor-widget-heading\" data-id=\"349a79e\" data-element_type=\"widget\" data-widget_type=\"heading.default\">\n\t\t\t\t<div class=\"elementor-widget-container\">\n\t\t\t<h2 class=\"elementor-heading-title elementor-size-default\">The Consell Insular of Eivissa\u2019s Art Collection<\/h2>\t\t<\/div>\n\t\t\t\t<\/div>\n\t\t\t\t<div class=\"elementor-element elementor-element-e6fa9d1 elementor-widget elementor-widget-text-editor\" data-id=\"e6fa9d1\" data-element_type=\"widget\" data-widget_type=\"text-editor.default\">\n\t\t\t\t<div class=\"elementor-widget-container\">\n\t\t\t\t\t\t\t<p class=\"western\" lang=\"ca-ES\" align=\"justify\"><span style=\"font-size: medium;\"><span lang=\"es-ES\">The Consell Insular of Eivissa art collection was created in 1979, the same year in which the Consell Insular of Eivissa and Formentera was established. This art collection is mainly made up of works by artists born in Eivissa or related to the island. It started up as a humble set of pieces, but it has been progressively growing as circumstances, opportunities and cultural policies have allowed or encouraged it. From that moment on, the Consell Insular has been responsible for cataloguing, inventorying, preserving and restoring, as well as publicising this essential part of Eivissa artistic heritage. <\/span><\/span><\/p><p class=\"western\" lang=\"ca-ES\" align=\"justify\"><span style=\"font-size: medium;\"><span lang=\"es-ES\">The pieces forming this collection can be found in different locations, such as storerooms, presiding over offices and meeting rooms across different institutional buildings, in exhibition rooms and cultural spaces, or on temporary loan to town councils of the island. In recent years, a significant effort has been made by the Consell Insular of Eivissa in order to expand its art collection by means of acquisitions, donations, transfers or deposits of artworks. In addition, the artwork catalogue updating has also been fostered.<\/span><\/span><\/p><p class=\"western\" lang=\"ca-ES\" align=\"justify\"><span lang=\"es-ES\">All in all, this virtual visit around the Consell Insular of Eivissa art collection is a way of acquainting knowledge and understanding of Eivissa artistic evolution from the end of the nineteenth century up to the present day; and, in addition to providing knowledge about our society, it is a treat for the senses.<\/span><span style=\"font-size: medium;\"><span lang=\"es-ES\"> Fondo de Arte del Consell Insular de Eivissa nos ayuda a conocer y a comprender la evoluci\u00f3n del arte en Eivissa desde finales del siglo XIX hasta nuestros d\u00edas, contribuyendo al conocimiento acerca de nuestra sociedad, adem\u00e1s de representar un placer para los sentidos.<\/span><\/span><\/p>\t\t\t\t\t\t<\/div>\n\t\t\t\t<\/div>\n\t\t\t\t\t<\/div>\n\t\t<\/div>\n\t\t\t\t\t\t\t<\/div>\n\t\t<\/section>\n\t\t\t\t\t\t\t<\/div>","protected":false},"excerpt":{"rendered":"<p>Con\u00f3cenos Sobre Mave Desde que el Consell Insular se constituy\u00f3, su Fondo de Arte es una colecci\u00f3n en continuo crecimiento. Re\u00fane la amplia diversidad de t\u00e9cnicas y estilos que conforman el panorama del arte moderno y contempor\u00e1neo de Eivissa. MUSEO VIRTUAL &#8211; FONDO DE ARTE DEL CONSELL INSULAR DE EIVISSA En este museo virtual, el [&hellip;]<\/p>","protected":false},"author":1,"featured_media":0,"parent":0,"menu_order":0,"comment_status":"closed","ping_status":"closed","template":"elementor_header_footer","meta":{"footnotes":""},"class_list":["post-269","page","type-page","status-publish","hentry","entry"],"_links":{"self":[{"href":"https:\/\/mave.es\/en\/wp-json\/wp\/v2\/pages\/269","targetHints":{"allow":["GET"]}}],"collection":[{"href":"https:\/\/mave.es\/en\/wp-json\/wp\/v2\/pages"}],"about":[{"href":"https:\/\/mave.es\/en\/wp-json\/wp\/v2\/types\/page"}],"author":[{"embeddable":true,"href":"https:\/\/mave.es\/en\/wp-json\/wp\/v2\/users\/1"}],"replies":[{"embeddable":true,"href":"https:\/\/mave.es\/en\/wp-json\/wp\/v2\/comments?post=269"}],"version-history":[{"count":25,"href":"https:\/\/mave.es\/en\/wp-json\/wp\/v2\/pages\/269\/revisions"}],"predecessor-version":[{"id":2901,"href":"https:\/\/mave.es\/en\/wp-json\/wp\/v2\/pages\/269\/revisions\/2901"}],"wp:attachment":[{"href":"https:\/\/mave.es\/en\/wp-json\/wp\/v2\/media?parent=269"}],"curies":[{"name":"wp","href":"https:\/\/api.w.org\/{rel}","templated":true}]}}