{"id":269,"date":"2022-07-16T13:49:20","date_gmt":"2022-07-16T13:49:20","guid":{"rendered":"https:\/\/mave.es\/?page_id=269"},"modified":"2022-12-27T13:50:31","modified_gmt":"2022-12-27T13:50:31","slug":"sobre-mave","status":"publish","type":"page","link":"https:\/\/mave.es\/ca\/sobre-mave\/","title":{"rendered":"Sobre mave"},"content":{"rendered":"<div data-elementor-type=\"wp-page\" data-elementor-id=\"269\" class=\"elementor elementor-269\">\n\t\t\t\t\t\t\t\t\t<section class=\"elementor-section elementor-top-section elementor-element elementor-element-33d99e10 elementor-section-stretched elementor-reverse-tablet elementor-reverse-mobile elementor-section-content-bottom elementor-section-boxed elementor-section-height-default elementor-section-height-default\" data-id=\"33d99e10\" data-element_type=\"section\" data-settings=\"{&quot;stretch_section&quot;:&quot;section-stretched&quot;,&quot;background_background&quot;:&quot;classic&quot;,&quot;jet_parallax_layout_list&quot;:[]}\">\n\t\t\t\t\t\t\t<div class=\"elementor-background-overlay\"><\/div>\n\t\t\t\t\t\t\t<div class=\"elementor-container elementor-column-gap-no\">\n\t\t\t\t\t<div class=\"elementor-column elementor-col-50 elementor-top-column elementor-element elementor-element-5f1623d4\" data-id=\"5f1623d4\" data-element_type=\"column\">\n\t\t\t<div class=\"elementor-widget-wrap elementor-element-populated\">\n\t\t\t\t\t\t\t\t<div class=\"elementor-element elementor-element-1a222a3f elementor-align-left elementor-mobile-align-left elementor-widget elementor-widget-button\" data-id=\"1a222a3f\" data-element_type=\"widget\" data-widget_type=\"button.default\">\n\t\t\t\t<div class=\"elementor-widget-container\">\n\t\t\t\t\t<div class=\"elementor-button-wrapper\">\n\t\t\t<a class=\"elementor-button elementor-size-sm\" role=\"button\">\n\t\t\t\t\t\t<span class=\"elementor-button-content-wrapper\">\n\t\t\t\t\t\t<span class=\"elementor-button-text\">Coneix-nos<\/span>\n\t\t<\/span>\n\t\t\t\t\t<\/a>\n\t\t<\/div>\n\t\t\t\t<\/div>\n\t\t\t\t<\/div>\n\t\t\t\t<div class=\"elementor-element elementor-element-9b5fca1 elementor-widget elementor-widget-heading\" data-id=\"9b5fca1\" data-element_type=\"widget\" data-widget_type=\"heading.default\">\n\t\t\t\t<div class=\"elementor-widget-container\">\n\t\t\t<style>\/*! elementor - v3.11.5 - 14-03-2023 *\/\n.elementor-heading-title{padding:0;margin:0;line-height:1}.elementor-widget-heading .elementor-heading-title[class*=elementor-size-]>a{color:inherit;font-size:inherit;line-height:inherit}.elementor-widget-heading .elementor-heading-title.elementor-size-small{font-size:15px}.elementor-widget-heading .elementor-heading-title.elementor-size-medium{font-size:19px}.elementor-widget-heading .elementor-heading-title.elementor-size-large{font-size:29px}.elementor-widget-heading .elementor-heading-title.elementor-size-xl{font-size:39px}.elementor-widget-heading .elementor-heading-title.elementor-size-xxl{font-size:59px}<\/style><h2 class=\"elementor-heading-title elementor-size-default\">Sobre Mave<\/h2>\t\t<\/div>\n\t\t\t\t<\/div>\n\t\t\t\t<div class=\"elementor-element elementor-element-344ecb27 elementor-widget elementor-widget-text-editor\" data-id=\"344ecb27\" data-element_type=\"widget\" data-widget_type=\"text-editor.default\">\n\t\t\t\t<div class=\"elementor-widget-container\">\n\t\t\t<style>\/*! elementor - v3.11.5 - 14-03-2023 *\/\n.elementor-widget-text-editor.elementor-drop-cap-view-stacked .elementor-drop-cap{background-color:#818a91;color:#fff}.elementor-widget-text-editor.elementor-drop-cap-view-framed .elementor-drop-cap{color:#818a91;border:3px solid;background-color:transparent}.elementor-widget-text-editor:not(.elementor-drop-cap-view-default) .elementor-drop-cap{margin-top:8px}.elementor-widget-text-editor:not(.elementor-drop-cap-view-default) .elementor-drop-cap-letter{width:1em;height:1em}.elementor-widget-text-editor .elementor-drop-cap{float:left;text-align:center;line-height:1;font-size:50px}.elementor-widget-text-editor .elementor-drop-cap-letter{display:inline-block}<\/style>\t\t\t\t<p class=\"western\" lang=\"ca-ES\" align=\"justify\"><span style=\"font-size: medium;\"><span lang=\"es-ES\">Des de la constituci\u00f3 del Consell Insular, el seu Fons d\u2019Art \u00e9s una col\u00b7lecci\u00f3 que est\u00e0 en continu creixement, reunint l'\u00e0mplia diversitat de t\u00e8cniques i d'estils que conformen el panorama de l'art modern i contemporani d'Eivissa.<\/span><\/span><\/p>\t\t\t\t\t\t<\/div>\n\t\t\t\t<\/div>\n\t\t\t\t\t<\/div>\n\t\t<\/div>\n\t\t\t\t<div class=\"elementor-column elementor-col-50 elementor-top-column elementor-element elementor-element-3589d936\" data-id=\"3589d936\" data-element_type=\"column\">\n\t\t\t<div class=\"elementor-widget-wrap\">\n\t\t\t\t\t\t\t\t\t<\/div>\n\t\t<\/div>\n\t\t\t\t\t\t\t<\/div>\n\t\t<\/section>\n\t\t\t\t<section class=\"elementor-section elementor-top-section elementor-element elementor-element-802cc08 elementor-section-boxed elementor-section-height-default elementor-section-height-default\" data-id=\"802cc08\" data-element_type=\"section\" data-settings=\"{&quot;jet_parallax_layout_list&quot;:[]}\">\n\t\t\t\t\t\t<div class=\"elementor-container elementor-column-gap-default\">\n\t\t\t\t\t<div class=\"elementor-column elementor-col-100 elementor-top-column elementor-element elementor-element-37119d7\" data-id=\"37119d7\" data-element_type=\"column\">\n\t\t\t<div class=\"elementor-widget-wrap elementor-element-populated\">\n\t\t\t\t\t\t\t\t<div class=\"elementor-element elementor-element-02bd0f5 elementor-widget elementor-widget-heading\" data-id=\"02bd0f5\" data-element_type=\"widget\" data-widget_type=\"heading.default\">\n\t\t\t\t<div class=\"elementor-widget-container\">\n\t\t\t<h2 class=\"elementor-heading-title elementor-size-default\">MUSEU VIRTUAL - FONS D\u2019ART DEL CONSELL INSULAR D\u2019EIVISSA<\/h2>\t\t<\/div>\n\t\t\t\t<\/div>\n\t\t\t\t<div class=\"elementor-element elementor-element-b484cf8 elementor-widget elementor-widget-text-editor\" data-id=\"b484cf8\" data-element_type=\"widget\" data-widget_type=\"text-editor.default\">\n\t\t\t\t<div class=\"elementor-widget-container\">\n\t\t\t\t\t\t\t<p class=\"western\" lang=\"ca-ES\" align=\"justify\"><span lang=\"es-ES\">En aquest museu virtual, el visitant podr\u00e0 gaudir de la actual col\u00b7lecci\u00f3 de <\/span><span style=\"font-size: medium;\"><span lang=\"es-ES\">Fons d'Art del Consell Insular d'Eivissa i de les noves adquisicions, a mesura que siguin incloses, a m\u00e9s de les exposicions d\u2019art organitzades a Sa Nostra Sala i el Museu Etnogr\u00e0fic d\u2019Eivissa.<\/span><\/span><\/p>\t\t\t\t\t\t<\/div>\n\t\t\t\t<\/div>\n\t\t\t\t<div class=\"elementor-element elementor-element-4549512 elementor-widget elementor-widget-heading\" data-id=\"4549512\" data-element_type=\"widget\" data-widget_type=\"heading.default\">\n\t\t\t\t<div class=\"elementor-widget-container\">\n\t\t\t<h2 class=\"elementor-heading-title elementor-size-default\">QU\u00c8 \u00c9S EL FONS D\u2019ART CONSELL INSULAR D\u2019EIVISSA?<\/h2>\t\t<\/div>\n\t\t\t\t<\/div>\n\t\t\t\t<div class=\"elementor-element elementor-element-e1a3f98 elementor-widget elementor-widget-text-editor\" data-id=\"e1a3f98\" data-element_type=\"widget\" data-widget_type=\"text-editor.default\">\n\t\t\t\t<div class=\"elementor-widget-container\">\n\t\t\t\t\t\t\t<p class=\"western\" lang=\"ca-ES\" align=\"justify\"><span style=\"font-size: medium;\"><span lang=\"es-ES\">El Consell Insular d\u2019Eivissa va comen\u00e7ar a crear una col\u00b7lecci\u00f3 d\u2019obres d\u2019art des de l\u2019any 1979, data en qu\u00e8 es va constituir el Consell Insular d\u2019Eivissa i Formentera. Des de llavors, el Consell Insular s\u2019encarrega de la catalogaci\u00f3 i inventariat, conservaci\u00f3 i restauraci\u00f3, a m\u00e9s de la divulgaci\u00f3 d\u2019aquesta part essencial del patrimoni art\u00edstic eivissenc.<\/span><\/span><\/p><p class=\"western\" lang=\"ca-ES\" align=\"justify\"><span style=\"font-size: medium;\"><span lang=\"es-ES\">Aquest fons d\u2019art, principalment d\u2019autors d\u2019Eivissa o relacionats amb l\u2019illa, encara que discret al principi, ha anat poc a poc incrementant-se a mesura que les circumst\u00e0ncies, les oportunitats i les pol\u00edtiques culturals ho han perm\u00e8s o impulsat. En els darrers anys, el Consell Insular d\u2019Eivissa ha dedicat un important esfor\u00e7 per a l\u2019ampliaci\u00f3 del seu fons d\u2019art, mitjan\u00e7ant adquisicions, donacions, cessions o dip\u00f2sits d\u2019obres d\u2019artistes; i, paral\u00b7lelament, s\u2019ha impulsat l\u2019actualitzaci\u00f3 del seu cat\u00e0leg.<\/span><\/span><\/p>\t\t\t\t\t\t<\/div>\n\t\t\t\t<\/div>\n\t\t\t\t<div class=\"elementor-element elementor-element-e8921ab elementor-widget elementor-widget-heading\" data-id=\"e8921ab\" data-element_type=\"widget\" data-widget_type=\"heading.default\">\n\t\t\t\t<div class=\"elementor-widget-container\">\n\t\t\t<h2 class=\"elementor-heading-title elementor-size-default\">EL FONS D\u2019ART CONSELL INSULAR D\u2019EIVISSA<\/h2>\t\t<\/div>\n\t\t\t\t<\/div>\n\t\t\t\t<div class=\"elementor-element elementor-element-dc47f80 elementor-widget elementor-widget-text-editor\" data-id=\"dc47f80\" data-element_type=\"widget\" data-widget_type=\"text-editor.default\">\n\t\t\t\t<div class=\"elementor-widget-container\">\n\t\t\t\t\t\t\t<p class=\"western\" lang=\"ca-ES\" align=\"justify\"><span style=\"font-size: medium;\"><span lang=\"es-ES\">Diuen que l\u2019art \u00e9s el sentiment i l\u2019expressi\u00f3 de les persones i del poble que el genera. Moltes s\u00f3n les motivacions i els contexts que porten als artistes a crear, dibuixar, pintar, modelar, cisellar... i molts s\u00f3n els sentiments que poden generar aquesta inquietud creativa. Seria estrany i dif\u00edcil que un artista no tingu\u00e9s cap influ\u00e8ncia creativa del seu entorn. Per aquest motiu, entre altres aspectes de caire m\u00e9s est\u00e8tic i art\u00edstic, l\u2019estudi i el coneixement d\u2019una societat, d\u2019un poble ens ajuda a entendre les motivacions creatives. Aix\u00ed com, d\u2019altra banda, l\u2019estudi dels artistes i de les obres d\u2019art representa  tamb\u00e9 un enriquidor complement per al coneixement de cada poble. Aix\u00ed ho ha ent\u00e8s el Consell Insular d'Eivissa, motivaci\u00f3 essencial a l'hora de crear i ampliar el seu Fons d'Art, fons Institucional que intenta reflectir l'\u00e0mplia diversitat de t\u00e8cniques i d'estils que conformen el panorama de l'art modern i contemporani d'Eivissa.<\/span><\/span><\/p>\t\t\t\t\t\t<\/div>\n\t\t\t\t<\/div>\n\t\t\t\t<div class=\"elementor-element elementor-element-e2818c9 elementor-widget elementor-widget-heading\" data-id=\"e2818c9\" data-element_type=\"widget\" data-widget_type=\"heading.default\">\n\t\t\t\t<div class=\"elementor-widget-container\">\n\t\t\t<h2 class=\"elementor-heading-title elementor-size-default\">Art d\u2019Eivissa<\/h2>\t\t<\/div>\n\t\t\t\t<\/div>\n\t\t\t\t<div class=\"elementor-element elementor-element-05b87b7 elementor-widget elementor-widget-text-editor\" data-id=\"05b87b7\" data-element_type=\"widget\" data-widget_type=\"text-editor.default\">\n\t\t\t\t<div class=\"elementor-widget-container\">\n\t\t\t\t\t\t\t<p class=\"western\" lang=\"ca-ES\" align=\"justify\"><span style=\"font-size: medium;\"><span lang=\"es-ES\">A finals del segle XIX, a la major de les Piti\u00fcses s\u2019experimenta, igual que a altres indrets, un inter\u00e8s per la reproducci\u00f3 d\u2019imatges captades des de la realitat: la fotografia. Imatges instant\u00e0nies que congelen i que enregistren per al futur multitud d\u2019esdeveniments, paisatges, retrats, etc. Dins d\u2019aquest m\u00f3n \u201cd\u2019innovacions tecnol\u00f2giques\u201d creix i desenvolupa el seu encuriosit esperit d\u2019artista el jove Narc\u00eds Puget Vi\u00f1as, considerat per molts el pare de la pintura moderna d\u2019Eivissa. Primer, va tenir aquesta inquietud per la plasmaci\u00f3 de la realitat de forma m\u00e9s o menys fidedigna, i amb aquest motiu viatj\u00e0 a Barcelona per formar-se dins el m\u00f3n de la fotografia. Per\u00f2, all\u00e0 estant, s\u2019adon\u00e0 aviat que la realitat era el color, el mat\u00eds, la textura, i comen\u00e7\u00e0 a interessar-se i a formar-se dins del m\u00f3n de l\u2019art, de la pintura concretament, fortament influenciat per l\u2019 impressionisme. <\/span><\/span><\/p><p class=\"western\" lang=\"ca-ES\" align=\"justify\"><span style=\"font-size: medium;\"><span lang=\"es-ES\">En tornar a Eivissa, va compaginar feines de fot\u00f2graf, amb un atelier de pintura on, a m\u00e9s a m\u00e9s, ensenyava la t\u00e8cnica pict\u00f2rica a joves interessats: Josep Tarr\u00e9s, Antoni Pomar, Vicent Ferrer Guasch, el seu fill Narc\u00eds Puget Riquer... Pintors cada un d\u2019ells amb marcada personalitat i t\u00e8cnica creativa. Aquella fornada de joves pintors, deixebles de <\/span><\/span><span style=\"font-size: medium;\"><span lang=\"es-ES\"><i>Ciset<\/i><\/span><\/span><span style=\"font-size: medium;\"><span lang=\"es-ES\">, com era conegut el vell pintor i mestre,  va conviure, ja des dels anys trenta del segle XX i despr\u00e9s en una segona etapa els anys cinquanta, amb l\u2019arribada de multitud d\u2018artistes d\u2019arreu d\u2019Europa a l\u2019illa d\u2019Eivissa. Artistes que buscaven refugi, meravellats pels colors mediterranis i empesos per una climatologia afable i un cert entorn social de <\/span><\/span><span style=\"font-size: medium;\"><span lang=\"es-ES\"><i>laissez fer<\/i><\/span><\/span><span style=\"font-size: medium;\"><span lang=\"es-ES\">,<\/span><\/span><span style=\"font-size: medium;\"><span lang=\"es-ES\"><i> laissez passer<\/i><\/span><\/span><span style=\"font-size: medium;\"><span lang=\"es-ES\">. <\/span><\/span><\/p><p class=\"western\" lang=\"ca-ES\" align=\"justify\"><span style=\"font-size: medium;\"><span lang=\"es-ES\">La majoria d\u2019aquells artistes estrangers crearen i s\u2019agruparen en el Grup Ibiza 59, grup d'art de gran projecci\u00f3. Persones de m\u00f3n i de tend\u00e8ncies avan\u00e7ades amb expressions i t\u00e8cniques pict\u00f2riques abstractes i d\u2019avantguarda. Al seu torn els pintors locals, no exempts d\u2019una gran qualitat t\u00e8cnica i art\u00edstica, crearen i s\u2019agruparen en el Grup Puget, l\u2019any 1962. Tots ells deixaren una important empremta, amb personalitat pr\u00f2pia, tot seguint aquell inicial impressionisme ensenyat per Puget Vi\u00f1as, impregnat d\u2019escenes costumistes, paisatges locals, marines, retrats i bodegons. Pintura figurativa que evolucionar\u00e0 des dels gruixuts tra\u00e7os de tinta de Antoni Mar\u00ed Ribas Portmany a l\u2019estilitzaci\u00f3 de l\u00ednies i la lluminositat dels blancs de Ferrer Guasch; de la destacada t\u00e8cnica aquarel\u00b7lista de Puget Riquer a les escenes sorollistes de Pomar; i des de Josep Tarr\u00e9s, <\/span><\/span><span style=\"font-size: medium;\"><span lang=\"es-ES\"><i>el pintor dels ulls de topazi,<\/i><\/span><\/span><span style=\"font-size: medium;\"><span lang=\"es-ES\"> fins arribar a Tur Costa, possiblement el pare de la pintura abstracta a les Balears.<\/span><\/span><\/p><p class=\"western\" lang=\"ca-ES\" align=\"justify\"><span style=\"font-size: medium;\"><span lang=\"es-ES\">Des de llavors, el panorama art\u00edstic d\u2019Eivissa ha amalgamat un ampli ventall de t\u00e8cniques, tem\u00e0tiques, disciplines... que, tot plegat, ens ofereixen una diversitat de tend\u00e8ncies i d\u2019estils,  els quals posen de manifest la gran riquesa de la seua producci\u00f3 art\u00edstica i de les noves propostes creatives.<\/span><\/span><\/p>\t\t\t\t\t\t<\/div>\n\t\t\t\t<\/div>\n\t\t\t\t<div class=\"elementor-element elementor-element-349a79e elementor-widget elementor-widget-heading\" data-id=\"349a79e\" data-element_type=\"widget\" data-widget_type=\"heading.default\">\n\t\t\t\t<div class=\"elementor-widget-container\">\n\t\t\t<h2 class=\"elementor-heading-title elementor-size-default\">Els Fons d\u2019Art del Consell Insular d\u2019Eivissa<\/h2>\t\t<\/div>\n\t\t\t\t<\/div>\n\t\t\t\t<div class=\"elementor-element elementor-element-e6fa9d1 elementor-widget elementor-widget-text-editor\" data-id=\"e6fa9d1\" data-element_type=\"widget\" data-widget_type=\"text-editor.default\">\n\t\t\t\t<div class=\"elementor-widget-container\">\n\t\t\t\t\t\t\t<p class=\"western\" lang=\"ca-ES\" align=\"justify\"><span style=\"font-size: medium;\"><span lang=\"es-ES\">El Consell Insular d\u2019Eivissa va comen\u00e7ar a crear una col\u00b7lecci\u00f3 d\u2019obres d\u2019art des de l\u2019any 1979, data en qu\u00e8 es va constituir el Consell Insular d\u2019Eivissa i Formentera. Aquest fons d\u2019art, principalment d\u2019autors d\u2019Eivissa o relacionats amb l\u2019illa, encara que discret al principi, ha anat poc a poc incrementant-se a mesura que les circumst\u00e0ncies, les oportunitats i pol\u00edtiques cultural ho han perm\u00e8s o impulsat. Des de llavors, el Consell Insular s\u2019encarrega de la catalogaci\u00f3 i inventariat, conservaci\u00f3 i restauraci\u00f3. <\/span><\/span><\/p><p class=\"western\" lang=\"ca-ES\" align=\"justify\"><span style=\"font-size: medium;\"><span lang=\"es-ES\">Tot aquest fons es troba repartit: algunes peces en sales de reserva o presidint despatxos i sales de reuni\u00f3 de diferents edificis i depend\u00e8ncies del Consell; altres exposades en sales de exposicions i espais culturals, o cedides de forma temporal a ajuntaments de l\u2019illa. Darrerament, el Consell Insular d\u2019Eivissa ha dedicat un important esfor\u00e7 econ\u00f2mic per a l\u2019ampliaci\u00f3 d\u2019aquest fons d\u2019art institucional, mitjan\u00e7ant adquisicions, donacions, cessions o dip\u00f2sits d\u2019obres d\u2019artistes; aix\u00ed com, per a l\u2019actualitzaci\u00f3 del seu cat\u00e0leg.<\/span><\/span><\/p><p class=\"western\" lang=\"ca-ES\" align=\"justify\"><span lang=\"es-ES\">Tot plegat, la visita virtual al Fons d\u2019Art del Consell Insular d\u2019Eivissa ens ajuda a con\u00e8ixer i a comprendre l\u2019evoluci\u00f3 de l\u2019art a Eivissa des de finals del segle XIX fins als nostres dies, comportant un coneixement de la nostra societat, a m\u00e9s de representar un gaudi pels sentits.<\/span><span style=\"font-size: medium;\"><span lang=\"es-ES\"> Fondo de Arte del Consell Insular de Eivissa nos ayuda a conocer y a comprender la evoluci\u00f3n del arte en Eivissa desde finales del siglo XIX hasta nuestros d\u00edas, contribuyendo al conocimiento acerca de nuestra sociedad, adem\u00e1s de representar un placer para los sentidos.<\/span><\/span><\/p>\t\t\t\t\t\t<\/div>\n\t\t\t\t<\/div>\n\t\t\t\t\t<\/div>\n\t\t<\/div>\n\t\t\t\t\t\t\t<\/div>\n\t\t<\/section>\n\t\t\t\t\t\t\t<\/div>","protected":false},"excerpt":{"rendered":"<p>Con\u00f3cenos Sobre Mave Desde que el Consell Insular se constituy\u00f3, su Fondo de Arte es una colecci\u00f3n en continuo crecimiento. Re\u00fane la amplia diversidad de t\u00e9cnicas y estilos que conforman el panorama del arte moderno y contempor\u00e1neo de Eivissa. MUSEO VIRTUAL &#8211; FONDO DE ARTE DEL CONSELL INSULAR DE EIVISSA En este museo virtual, el [&hellip;]<\/p>","protected":false},"author":1,"featured_media":0,"parent":0,"menu_order":0,"comment_status":"closed","ping_status":"closed","template":"elementor_header_footer","meta":{"footnotes":""},"class_list":["post-269","page","type-page","status-publish","hentry","entry"],"_links":{"self":[{"href":"https:\/\/mave.es\/ca\/wp-json\/wp\/v2\/pages\/269","targetHints":{"allow":["GET"]}}],"collection":[{"href":"https:\/\/mave.es\/ca\/wp-json\/wp\/v2\/pages"}],"about":[{"href":"https:\/\/mave.es\/ca\/wp-json\/wp\/v2\/types\/page"}],"author":[{"embeddable":true,"href":"https:\/\/mave.es\/ca\/wp-json\/wp\/v2\/users\/1"}],"replies":[{"embeddable":true,"href":"https:\/\/mave.es\/ca\/wp-json\/wp\/v2\/comments?post=269"}],"version-history":[{"count":25,"href":"https:\/\/mave.es\/ca\/wp-json\/wp\/v2\/pages\/269\/revisions"}],"predecessor-version":[{"id":2901,"href":"https:\/\/mave.es\/ca\/wp-json\/wp\/v2\/pages\/269\/revisions\/2901"}],"wp:attachment":[{"href":"https:\/\/mave.es\/ca\/wp-json\/wp\/v2\/media?parent=269"}],"curies":[{"name":"wp","href":"https:\/\/api.w.org\/{rel}","templated":true}]}}