{"id":1852,"date":"2022-11-19T16:08:13","date_gmt":"2022-11-19T16:08:13","guid":{"rendered":"https:\/\/mave.es\/?page_id=1852"},"modified":"2023-03-16T09:36:15","modified_gmt":"2023-03-16T08:36:15","slug":"autor-francesc-riera-bonet-paco-riera","status":"publish","type":"page","link":"https:\/\/mave.es\/ca\/autor-francesc-riera-bonet-paco-riera\/","title":{"rendered":"Autor Francesc Riera Bonet, Paco Riera"},"content":{"rendered":"<div data-elementor-type=\"wp-page\" data-elementor-id=\"1852\" class=\"elementor elementor-1852\">\n\t\t\t\t\t\t\t\t\t<section class=\"elementor-section elementor-top-section elementor-element elementor-element-6f6981a8 elementor-section-stretched elementor-reverse-tablet elementor-reverse-mobile elementor-section-content-bottom elementor-section-boxed elementor-section-height-default elementor-section-height-default\" data-id=\"6f6981a8\" data-element_type=\"section\" data-settings=\"{&quot;stretch_section&quot;:&quot;section-stretched&quot;,&quot;background_background&quot;:&quot;classic&quot;,&quot;jet_parallax_layout_list&quot;:[]}\">\n\t\t\t\t\t\t<div class=\"elementor-container elementor-column-gap-no\">\n\t\t\t\t\t<div class=\"elementor-column elementor-col-50 elementor-top-column elementor-element elementor-element-2262bba0\" data-id=\"2262bba0\" data-element_type=\"column\">\n\t\t\t<div class=\"elementor-widget-wrap elementor-element-populated\">\n\t\t\t\t\t\t\t\t<div class=\"elementor-element elementor-element-a055baa elementor-align-left elementor-mobile-align-left elementor-hidden-mobile elementor-widget elementor-widget-button\" data-id=\"a055baa\" data-element_type=\"widget\" data-widget_type=\"button.default\">\n\t\t\t\t<div class=\"elementor-widget-container\">\n\t\t\t\t\t<div class=\"elementor-button-wrapper\">\n\t\t\t<a class=\"elementor-button elementor-size-sm\" role=\"button\">\n\t\t\t\t\t\t<span class=\"elementor-button-content-wrapper\">\n\t\t\t\t\t\t<span class=\"elementor-button-text\">Paco Riera<\/span>\n\t\t<\/span>\n\t\t\t\t\t<\/a>\n\t\t<\/div>\n\t\t\t\t<\/div>\n\t\t\t\t<\/div>\n\t\t\t\t<div class=\"elementor-element elementor-element-22651444 elementor-widget elementor-widget-heading\" data-id=\"22651444\" data-element_type=\"widget\" data-widget_type=\"heading.default\">\n\t\t\t\t<div class=\"elementor-widget-container\">\n\t\t\t<style>\/*! elementor - v3.11.5 - 14-03-2023 *\/\n.elementor-heading-title{padding:0;margin:0;line-height:1}.elementor-widget-heading .elementor-heading-title[class*=elementor-size-]>a{color:inherit;font-size:inherit;line-height:inherit}.elementor-widget-heading .elementor-heading-title.elementor-size-small{font-size:15px}.elementor-widget-heading .elementor-heading-title.elementor-size-medium{font-size:19px}.elementor-widget-heading .elementor-heading-title.elementor-size-large{font-size:29px}.elementor-widget-heading .elementor-heading-title.elementor-size-xl{font-size:39px}.elementor-widget-heading .elementor-heading-title.elementor-size-xxl{font-size:59px}<\/style><h2 class=\"elementor-heading-title elementor-size-default\">Paco Riera<\/h2>\t\t<\/div>\n\t\t\t\t<\/div>\n\t\t\t\t<div class=\"elementor-element elementor-element-1864af92 elementor-widget elementor-widget-text-editor\" data-id=\"1864af92\" data-element_type=\"widget\" data-widget_type=\"text-editor.default\">\n\t\t\t\t<div class=\"elementor-widget-container\">\n\t\t\t<style>\/*! elementor - v3.11.5 - 14-03-2023 *\/\n.elementor-widget-text-editor.elementor-drop-cap-view-stacked .elementor-drop-cap{background-color:#818a91;color:#fff}.elementor-widget-text-editor.elementor-drop-cap-view-framed .elementor-drop-cap{color:#818a91;border:3px solid;background-color:transparent}.elementor-widget-text-editor:not(.elementor-drop-cap-view-default) .elementor-drop-cap{margin-top:8px}.elementor-widget-text-editor:not(.elementor-drop-cap-view-default) .elementor-drop-cap-letter{width:1em;height:1em}.elementor-widget-text-editor .elementor-drop-cap{float:left;text-align:center;line-height:1;font-size:50px}.elementor-widget-text-editor .elementor-drop-cap-letter{display:inline-block}<\/style>\t\t\t\t<p class=\"MsoNormal\" style=\"margin-left: 18.0pt; text-align: justify; line-height: normal;\"><b><span lang=\"CA\" style=\"font-family: 'Times New Roman',serif; mso-ansi-language: CA;\">Riera Bonet, Francesc \u2013 <i>Paco Riera<\/i> <\/span><\/b><span lang=\"CA\" style=\"font-size: 10.0pt; font-family: 'Times New Roman',serif; mso-ansi-language: CA;\">\u00a0(Eivissa 1942)<\/span><\/p>\t\t\t\t\t\t<\/div>\n\t\t\t\t<\/div>\n\t\t\t\t<section class=\"elementor-section elementor-inner-section elementor-element elementor-element-56682c1a elementor-section-boxed elementor-section-height-default elementor-section-height-default\" data-id=\"56682c1a\" data-element_type=\"section\" data-settings=\"{&quot;jet_parallax_layout_list&quot;:[]}\">\n\t\t\t\t\t\t<div class=\"elementor-container elementor-column-gap-default\">\n\t\t\t\t\t<div class=\"elementor-column elementor-col-50 elementor-inner-column elementor-element elementor-element-410f7cc6\" data-id=\"410f7cc6\" data-element_type=\"column\">\n\t\t\t<div class=\"elementor-widget-wrap elementor-element-populated\">\n\t\t\t\t\t\t\t\t<div class=\"elementor-element elementor-element-213d63c6 elementor-align-left elementor-mobile-align-justify elementor-widget elementor-widget-button\" data-id=\"213d63c6\" data-element_type=\"widget\" data-widget_type=\"button.default\">\n\t\t\t\t<div class=\"elementor-widget-container\">\n\t\t\t\t\t<div class=\"elementor-button-wrapper\">\n\t\t\t<a href=\"#INFO\" class=\"elementor-button-link elementor-button elementor-size-sm elementor-animation-grow\" role=\"button\">\n\t\t\t\t\t\t<span class=\"elementor-button-content-wrapper\">\n\t\t\t\t\t\t<span class=\"elementor-button-text\">Llegeix la informaci\u00f3 de l'autor<\/span>\n\t\t<\/span>\n\t\t\t\t\t<\/a>\n\t\t<\/div>\n\t\t\t\t<\/div>\n\t\t\t\t<\/div>\n\t\t\t\t\t<\/div>\n\t\t<\/div>\n\t\t\t\t<div class=\"elementor-column elementor-col-50 elementor-inner-column elementor-element elementor-element-45644be1\" data-id=\"45644be1\" data-element_type=\"column\">\n\t\t\t<div class=\"elementor-widget-wrap elementor-element-populated\">\n\t\t\t\t\t\t\t\t<div class=\"elementor-element elementor-element-308ebd11 elementor-align-left elementor-mobile-align-justify elementor-widget elementor-widget-button\" data-id=\"308ebd11\" data-element_type=\"widget\" data-widget_type=\"button.default\">\n\t\t\t\t<div class=\"elementor-widget-container\">\n\t\t\t\t\t<div class=\"elementor-button-wrapper\">\n\t\t\t<a href=\"#elementor-action%3Aaction%3Dpopup%3Aopen%26settings%3DeyJpZCI6Ijg1OSIsInRvZ2dsZSI6ZmFsc2V9\" class=\"elementor-button-link elementor-button elementor-size-sm elementor-animation-grow\" role=\"button\">\n\t\t\t\t\t\t<span class=\"elementor-button-content-wrapper\">\n\t\t\t\t\t\t<span class=\"elementor-button-text\">Veure la seva obra<\/span>\n\t\t<\/span>\n\t\t\t\t\t<\/a>\n\t\t<\/div>\n\t\t\t\t<\/div>\n\t\t\t\t<\/div>\n\t\t\t\t\t<\/div>\n\t\t<\/div>\n\t\t\t\t\t\t\t<\/div>\n\t\t<\/section>\n\t\t\t\t\t<\/div>\n\t\t<\/div>\n\t\t\t\t<div class=\"elementor-column elementor-col-50 elementor-top-column elementor-element elementor-element-1482752d\" data-id=\"1482752d\" data-element_type=\"column\">\n\t\t\t<div class=\"elementor-widget-wrap elementor-element-populated\">\n\t\t\t\t\t\t\t\t<div class=\"elementor-element elementor-element-e28f989 elementor-align-left elementor-mobile-align-left elementor-hidden-desktop elementor-hidden-tablet elementor-widget elementor-widget-button\" data-id=\"e28f989\" data-element_type=\"widget\" data-widget_type=\"button.default\">\n\t\t\t\t<div class=\"elementor-widget-container\">\n\t\t\t\t\t<div class=\"elementor-button-wrapper\">\n\t\t\t<a class=\"elementor-button elementor-size-sm\" role=\"button\">\n\t\t\t\t\t\t<span class=\"elementor-button-content-wrapper\">\n\t\t\t\t\t\t<span class=\"elementor-button-text\">Paco Riera<\/span>\n\t\t<\/span>\n\t\t\t\t\t<\/a>\n\t\t<\/div>\n\t\t\t\t<\/div>\n\t\t\t\t<\/div>\n\t\t\t\t<div class=\"elementor-element elementor-element-1903e591 elementor-widget elementor-widget-image\" data-id=\"1903e591\" data-element_type=\"widget\" data-widget_type=\"image.default\">\n\t\t\t\t<div class=\"elementor-widget-container\">\n\t\t\t<style>\/*! elementor - v3.11.5 - 14-03-2023 *\/\n.elementor-widget-image{text-align:center}.elementor-widget-image a{display:inline-block}.elementor-widget-image a img[src$=\".svg\"]{width:48px}.elementor-widget-image img{vertical-align:middle;display:inline-block}<\/style>\t\t\t\t\t\t\t\t\t\t\t\t<img loading=\"lazy\" decoding=\"async\" width=\"1024\" height=\"885\" src=\"https:\/\/mave.es\/wp-content\/uploads\/2022\/11\/1-Teulades-1024x885.jpg\" class=\"attachment-large size-large wp-image-1947\" alt=\"\" srcset=\"https:\/\/mave.es\/wp-content\/uploads\/2022\/11\/1-Teulades-1024x885.jpg 1024w, https:\/\/mave.es\/wp-content\/uploads\/2022\/11\/1-Teulades-300x259.jpg 300w, https:\/\/mave.es\/wp-content\/uploads\/2022\/11\/1-Teulades-768x664.jpg 768w, https:\/\/mave.es\/wp-content\/uploads\/2022\/11\/1-Teulades-14x12.jpg 14w, https:\/\/mave.es\/wp-content\/uploads\/2022\/11\/1-Teulades.jpg 1500w\" sizes=\"auto, (max-width: 1024px) 100vw, 1024px\" \/>\t\t\t\t\t\t\t\t\t\t\t\t\t\t\t<\/div>\n\t\t\t\t<\/div>\n\t\t\t\t\t<\/div>\n\t\t<\/div>\n\t\t\t\t\t\t\t<\/div>\n\t\t<\/section>\n\t\t\t\t<section class=\"elementor-section elementor-top-section elementor-element elementor-element-5ff52b21 elementor-section-boxed elementor-section-height-default elementor-section-height-default\" data-id=\"5ff52b21\" data-element_type=\"section\" data-settings=\"{&quot;jet_parallax_layout_list&quot;:[],&quot;background_background&quot;:&quot;classic&quot;}\">\n\t\t\t\t\t\t<div class=\"elementor-container elementor-column-gap-default\">\n\t\t\t\t\t<div class=\"elementor-column elementor-col-100 elementor-top-column elementor-element elementor-element-2d0ba179\" data-id=\"2d0ba179\" data-element_type=\"column\" data-settings=\"{&quot;background_background&quot;:&quot;classic&quot;}\">\n\t\t\t<div class=\"elementor-widget-wrap elementor-element-populated\">\n\t\t\t\t\t\t\t\t<div class=\"elementor-element elementor-element-1b74a3e0 elementor-widget elementor-widget-menu-anchor\" data-id=\"1b74a3e0\" data-element_type=\"widget\" data-widget_type=\"menu-anchor.default\">\n\t\t\t\t<div class=\"elementor-widget-container\">\n\t\t\t<style>\/*! elementor - v3.11.5 - 14-03-2023 *\/\nbody.elementor-page .elementor-widget-menu-anchor{margin-bottom:0}<\/style>\t\t<div id=\"INFO\" class=\"elementor-menu-anchor\"><\/div>\n\t\t\t\t<\/div>\n\t\t\t\t<\/div>\n\t\t\t\t<div class=\"elementor-element elementor-element-798810ce elementor-widget elementor-widget-heading\" data-id=\"798810ce\" data-element_type=\"widget\" data-widget_type=\"heading.default\">\n\t\t\t\t<div class=\"elementor-widget-container\">\n\t\t\t<h2 class=\"elementor-heading-title elementor-size-default\">Paco Riera<\/h2>\t\t<\/div>\n\t\t\t\t<\/div>\n\t\t\t\t<div class=\"elementor-element elementor-element-6ab05e18 elementor-widget elementor-widget-text-editor\" data-id=\"6ab05e18\" data-element_type=\"widget\" data-widget_type=\"text-editor.default\">\n\t\t\t\t<div class=\"elementor-widget-container\">\n\t\t\t\t\t\t\t<p>Comen\u00e7\u00e0 els estudis de dibuix art\u00edstic a l\u2019Escola d'Arts i Oficis d'Eivissa aprenent de tan destacats mestres com Ignacio Agudo Clar\u00e1 i Antoni Pomar, i els continu\u00e0 a \u00a0l'Escola de Belles Arts Sant Jordi de Barcelona. El seu estil pict\u00f2ric ha anat evolucionant al llarg del temps, des de l\u2019impressionisme de les primeres aquarel\u00b7les, passant pels retrats amb trets expressionistes de principis dels anys vuitanta , fins a arribar a una nova etapa d'abstraccions geom\u00e8triques i escultures-objecte de tipus conceptual. La seua primera exposici\u00f3 individual data de 1966 i de llavors en\u00e7\u00e0 no ha deixat d\u2019exposar habitualment a l\u2019illa.<\/p>\t\t\t\t\t\t<\/div>\n\t\t\t\t<\/div>\n\t\t\t\t\t<\/div>\n\t\t<\/div>\n\t\t\t\t\t\t\t<\/div>\n\t\t<\/section>\n\t\t\t\t\t\t\t<\/div>","protected":false},"excerpt":{"rendered":"<p>Paco Riera Paco Riera Riera Bonet, Francesc \u2013 Paco Riera \u00a0(Ibiza 1942) Leer informaci\u00f3n del autor Ver su obra Paco Riera Paco Riera Empez\u00f3 los estudios de dibujo art\u00edstico en la Escuela de Artes y Oficios de Eivissa aprendiendo de tan destacados maestros como Ignacio Agudo Clar\u00e1 y Antoni Pomar, y los continu\u00f3 en la [&hellip;]<\/p>","protected":false},"author":1,"featured_media":0,"parent":0,"menu_order":0,"comment_status":"closed","ping_status":"closed","template":"elementor_header_footer","meta":{"footnotes":""},"class_list":["post-1852","page","type-page","status-publish","hentry","entry"],"_links":{"self":[{"href":"https:\/\/mave.es\/ca\/wp-json\/wp\/v2\/pages\/1852","targetHints":{"allow":["GET"]}}],"collection":[{"href":"https:\/\/mave.es\/ca\/wp-json\/wp\/v2\/pages"}],"about":[{"href":"https:\/\/mave.es\/ca\/wp-json\/wp\/v2\/types\/page"}],"author":[{"embeddable":true,"href":"https:\/\/mave.es\/ca\/wp-json\/wp\/v2\/users\/1"}],"replies":[{"embeddable":true,"href":"https:\/\/mave.es\/ca\/wp-json\/wp\/v2\/comments?post=1852"}],"version-history":[{"count":16,"href":"https:\/\/mave.es\/ca\/wp-json\/wp\/v2\/pages\/1852\/revisions"}],"predecessor-version":[{"id":4781,"href":"https:\/\/mave.es\/ca\/wp-json\/wp\/v2\/pages\/1852\/revisions\/4781"}],"wp:attachment":[{"href":"https:\/\/mave.es\/ca\/wp-json\/wp\/v2\/media?parent=1852"}],"curies":[{"name":"wp","href":"https:\/\/api.w.org\/{rel}","templated":true}]}}