{"id":1435,"date":"2022-10-15T16:47:51","date_gmt":"2022-10-15T16:47:51","guid":{"rendered":"https:\/\/mave.es\/?page_id=1435"},"modified":"2023-03-16T09:17:20","modified_gmt":"2023-03-16T08:17:20","slug":"autor-dominique-sanson","status":"publish","type":"page","link":"https:\/\/mave.es\/ca\/autor-dominique-sanson\/","title":{"rendered":"Autor Dominique Sanson"},"content":{"rendered":"<div data-elementor-type=\"wp-page\" data-elementor-id=\"1435\" class=\"elementor elementor-1435\">\n\t\t\t\t\t\t\t\t\t<section class=\"elementor-section elementor-top-section elementor-element elementor-element-6f6981a8 elementor-section-stretched elementor-reverse-tablet elementor-reverse-mobile elementor-section-content-bottom elementor-section-boxed elementor-section-height-default elementor-section-height-default\" data-id=\"6f6981a8\" data-element_type=\"section\" data-settings=\"{&quot;stretch_section&quot;:&quot;section-stretched&quot;,&quot;background_background&quot;:&quot;classic&quot;,&quot;jet_parallax_layout_list&quot;:[]}\">\n\t\t\t\t\t\t<div class=\"elementor-container elementor-column-gap-no\">\n\t\t\t\t\t<div class=\"elementor-column elementor-col-50 elementor-top-column elementor-element elementor-element-2262bba0\" data-id=\"2262bba0\" data-element_type=\"column\">\n\t\t\t<div class=\"elementor-widget-wrap elementor-element-populated\">\n\t\t\t\t\t\t\t\t<div class=\"elementor-element elementor-element-a055baa elementor-align-left elementor-mobile-align-left elementor-hidden-mobile elementor-widget elementor-widget-button\" data-id=\"a055baa\" data-element_type=\"widget\" data-widget_type=\"button.default\">\n\t\t\t\t<div class=\"elementor-widget-container\">\n\t\t\t\t\t<div class=\"elementor-button-wrapper\">\n\t\t\t<a class=\"elementor-button elementor-size-sm\" role=\"button\">\n\t\t\t\t\t\t<span class=\"elementor-button-content-wrapper\">\n\t\t\t\t\t\t<span class=\"elementor-button-text\">Dominique Sanson<\/span>\n\t\t<\/span>\n\t\t\t\t\t<\/a>\n\t\t<\/div>\n\t\t\t\t<\/div>\n\t\t\t\t<\/div>\n\t\t\t\t<div class=\"elementor-element elementor-element-22651444 elementor-widget elementor-widget-heading\" data-id=\"22651444\" data-element_type=\"widget\" data-widget_type=\"heading.default\">\n\t\t\t\t<div class=\"elementor-widget-container\">\n\t\t\t<style>\/*! elementor - v3.11.5 - 14-03-2023 *\/\n.elementor-heading-title{padding:0;margin:0;line-height:1}.elementor-widget-heading .elementor-heading-title[class*=elementor-size-]>a{color:inherit;font-size:inherit;line-height:inherit}.elementor-widget-heading .elementor-heading-title.elementor-size-small{font-size:15px}.elementor-widget-heading .elementor-heading-title.elementor-size-medium{font-size:19px}.elementor-widget-heading .elementor-heading-title.elementor-size-large{font-size:29px}.elementor-widget-heading .elementor-heading-title.elementor-size-xl{font-size:39px}.elementor-widget-heading .elementor-heading-title.elementor-size-xxl{font-size:59px}<\/style><h2 class=\"elementor-heading-title elementor-size-default\">Dominique Sanson<\/h2>\t\t<\/div>\n\t\t\t\t<\/div>\n\t\t\t\t<div class=\"elementor-element elementor-element-1864af92 elementor-widget elementor-widget-text-editor\" data-id=\"1864af92\" data-element_type=\"widget\" data-widget_type=\"text-editor.default\">\n\t\t\t\t<div class=\"elementor-widget-container\">\n\t\t\t<style>\/*! elementor - v3.11.5 - 14-03-2023 *\/\n.elementor-widget-text-editor.elementor-drop-cap-view-stacked .elementor-drop-cap{background-color:#818a91;color:#fff}.elementor-widget-text-editor.elementor-drop-cap-view-framed .elementor-drop-cap{color:#818a91;border:3px solid;background-color:transparent}.elementor-widget-text-editor:not(.elementor-drop-cap-view-default) .elementor-drop-cap{margin-top:8px}.elementor-widget-text-editor:not(.elementor-drop-cap-view-default) .elementor-drop-cap-letter{width:1em;height:1em}.elementor-widget-text-editor .elementor-drop-cap{float:left;text-align:center;line-height:1;font-size:50px}.elementor-widget-text-editor .elementor-drop-cap-letter{display:inline-block}<\/style>\t\t\t\t<p class=\"MsoNormal\"><b><span lang=\"CA\" style=\"font-size: 12.0pt; line-height: 115%; font-family: 'Arial',sans-serif;\">Sanson, Dominique <\/span><\/b><span lang=\"CA\" style=\"font-size: 12.0pt; line-height: 115%; font-family: 'Arial',sans-serif;\">(Par\u00eds 1949)<\/span><\/p>\t\t\t\t\t\t<\/div>\n\t\t\t\t<\/div>\n\t\t\t\t<section class=\"elementor-section elementor-inner-section elementor-element elementor-element-56682c1a elementor-section-boxed elementor-section-height-default elementor-section-height-default\" data-id=\"56682c1a\" data-element_type=\"section\" data-settings=\"{&quot;jet_parallax_layout_list&quot;:[]}\">\n\t\t\t\t\t\t<div class=\"elementor-container elementor-column-gap-default\">\n\t\t\t\t\t<div class=\"elementor-column elementor-col-50 elementor-inner-column elementor-element elementor-element-410f7cc6\" data-id=\"410f7cc6\" data-element_type=\"column\">\n\t\t\t<div class=\"elementor-widget-wrap elementor-element-populated\">\n\t\t\t\t\t\t\t\t<div class=\"elementor-element elementor-element-213d63c6 elementor-align-left elementor-mobile-align-justify elementor-widget elementor-widget-button\" data-id=\"213d63c6\" data-element_type=\"widget\" data-widget_type=\"button.default\">\n\t\t\t\t<div class=\"elementor-widget-container\">\n\t\t\t\t\t<div class=\"elementor-button-wrapper\">\n\t\t\t<a href=\"#INFO\" class=\"elementor-button-link elementor-button elementor-size-sm elementor-animation-grow\" role=\"button\">\n\t\t\t\t\t\t<span class=\"elementor-button-content-wrapper\">\n\t\t\t\t\t\t<span class=\"elementor-button-text\">Llegeix la informaci\u00f3 de l'autor<\/span>\n\t\t<\/span>\n\t\t\t\t\t<\/a>\n\t\t<\/div>\n\t\t\t\t<\/div>\n\t\t\t\t<\/div>\n\t\t\t\t\t<\/div>\n\t\t<\/div>\n\t\t\t\t<div class=\"elementor-column elementor-col-50 elementor-inner-column elementor-element elementor-element-45644be1\" data-id=\"45644be1\" data-element_type=\"column\">\n\t\t\t<div class=\"elementor-widget-wrap elementor-element-populated\">\n\t\t\t\t\t\t\t\t<div class=\"elementor-element elementor-element-308ebd11 elementor-align-left elementor-mobile-align-justify elementor-widget elementor-widget-button\" data-id=\"308ebd11\" data-element_type=\"widget\" data-widget_type=\"button.default\">\n\t\t\t\t<div class=\"elementor-widget-container\">\n\t\t\t\t\t<div class=\"elementor-button-wrapper\">\n\t\t\t<a href=\"#elementor-action%3Aaction%3Dpopup%3Aopen%26settings%3DeyJpZCI6IjIzNzkiLCJ0b2dnbGUiOmZhbHNlfQ%3D%3D\" class=\"elementor-button-link elementor-button elementor-size-sm elementor-animation-grow\" role=\"button\">\n\t\t\t\t\t\t<span class=\"elementor-button-content-wrapper\">\n\t\t\t\t\t\t<span class=\"elementor-button-text\">Veure la seva obra<\/span>\n\t\t<\/span>\n\t\t\t\t\t<\/a>\n\t\t<\/div>\n\t\t\t\t<\/div>\n\t\t\t\t<\/div>\n\t\t\t\t\t<\/div>\n\t\t<\/div>\n\t\t\t\t\t\t\t<\/div>\n\t\t<\/section>\n\t\t\t\t\t<\/div>\n\t\t<\/div>\n\t\t\t\t<div class=\"elementor-column elementor-col-50 elementor-top-column elementor-element elementor-element-1482752d\" data-id=\"1482752d\" data-element_type=\"column\">\n\t\t\t<div class=\"elementor-widget-wrap elementor-element-populated\">\n\t\t\t\t\t\t\t\t<div class=\"elementor-element elementor-element-e28f989 elementor-align-left elementor-mobile-align-left elementor-hidden-desktop elementor-hidden-tablet elementor-widget elementor-widget-button\" data-id=\"e28f989\" data-element_type=\"widget\" data-widget_type=\"button.default\">\n\t\t\t\t<div class=\"elementor-widget-container\">\n\t\t\t\t\t<div class=\"elementor-button-wrapper\">\n\t\t\t<a class=\"elementor-button elementor-size-sm\" role=\"button\">\n\t\t\t\t\t\t<span class=\"elementor-button-content-wrapper\">\n\t\t\t\t\t\t<span class=\"elementor-button-text\">Dominique Sanson<\/span>\n\t\t<\/span>\n\t\t\t\t\t<\/a>\n\t\t<\/div>\n\t\t\t\t<\/div>\n\t\t\t\t<\/div>\n\t\t\t\t<div class=\"elementor-element elementor-element-1903e591 elementor-widget elementor-widget-image\" data-id=\"1903e591\" data-element_type=\"widget\" data-widget_type=\"image.default\">\n\t\t\t\t<div class=\"elementor-widget-container\">\n\t\t\t<style>\/*! elementor - v3.11.5 - 14-03-2023 *\/\n.elementor-widget-image{text-align:center}.elementor-widget-image a{display:inline-block}.elementor-widget-image a img[src$=\".svg\"]{width:48px}.elementor-widget-image img{vertical-align:middle;display:inline-block}<\/style>\t\t\t\t\t\t\t\t\t\t\t\t<img loading=\"lazy\" decoding=\"async\" width=\"942\" height=\"472\" src=\"https:\/\/mave.es\/wp-content\/uploads\/2022\/10\/Ibiza-puerto-fenicio.jpg\" class=\"attachment-large size-large wp-image-1465\" alt=\"\" srcset=\"https:\/\/mave.es\/wp-content\/uploads\/2022\/10\/Ibiza-puerto-fenicio.jpg 942w, https:\/\/mave.es\/wp-content\/uploads\/2022\/10\/Ibiza-puerto-fenicio-300x150.jpg 300w, https:\/\/mave.es\/wp-content\/uploads\/2022\/10\/Ibiza-puerto-fenicio-768x385.jpg 768w, https:\/\/mave.es\/wp-content\/uploads\/2022\/10\/Ibiza-puerto-fenicio-18x9.jpg 18w\" sizes=\"auto, (max-width: 942px) 100vw, 942px\" \/>\t\t\t\t\t\t\t\t\t\t\t\t\t\t\t<\/div>\n\t\t\t\t<\/div>\n\t\t\t\t\t<\/div>\n\t\t<\/div>\n\t\t\t\t\t\t\t<\/div>\n\t\t<\/section>\n\t\t\t\t<section class=\"elementor-section elementor-top-section elementor-element elementor-element-5ff52b21 elementor-section-boxed elementor-section-height-default elementor-section-height-default\" data-id=\"5ff52b21\" data-element_type=\"section\" data-settings=\"{&quot;jet_parallax_layout_list&quot;:[],&quot;background_background&quot;:&quot;classic&quot;}\">\n\t\t\t\t\t\t<div class=\"elementor-container elementor-column-gap-default\">\n\t\t\t\t\t<div class=\"elementor-column elementor-col-100 elementor-top-column elementor-element elementor-element-2d0ba179\" data-id=\"2d0ba179\" data-element_type=\"column\" data-settings=\"{&quot;background_background&quot;:&quot;classic&quot;}\">\n\t\t\t<div class=\"elementor-widget-wrap elementor-element-populated\">\n\t\t\t\t\t\t\t\t<div class=\"elementor-element elementor-element-1b74a3e0 elementor-widget elementor-widget-menu-anchor\" data-id=\"1b74a3e0\" data-element_type=\"widget\" data-widget_type=\"menu-anchor.default\">\n\t\t\t\t<div class=\"elementor-widget-container\">\n\t\t\t<style>\/*! elementor - v3.11.5 - 14-03-2023 *\/\nbody.elementor-page .elementor-widget-menu-anchor{margin-bottom:0}<\/style>\t\t<div id=\"INFO\" class=\"elementor-menu-anchor\"><\/div>\n\t\t\t\t<\/div>\n\t\t\t\t<\/div>\n\t\t\t\t<div class=\"elementor-element elementor-element-798810ce elementor-widget elementor-widget-heading\" data-id=\"798810ce\" data-element_type=\"widget\" data-widget_type=\"heading.default\">\n\t\t\t\t<div class=\"elementor-widget-container\">\n\t\t\t<h2 class=\"elementor-heading-title elementor-size-default\">Dominique Sanson<\/h2>\t\t<\/div>\n\t\t\t\t<\/div>\n\t\t\t\t<div class=\"elementor-element elementor-element-6ab05e18 elementor-widget elementor-widget-text-editor\" data-id=\"6ab05e18\" data-element_type=\"widget\" data-widget_type=\"text-editor.default\">\n\t\t\t\t<div class=\"elementor-widget-container\">\n\t\t\t\t\t\t\t<p>Artista de formaci\u00f3 autodidacta, es trasllad\u00e0 a Eivissa a mitjan segle XX. Els temes de les seues obres estan marcats majorit\u00e0riament per les seues creences filos\u00f2fiques i ella mateixa defineix el seu estil com a surrealista amb tocs d\u2019impressionisme i influ\u00e8ncia oriental. La seua obra m\u00e9s coneguda \u00e9s L\u2019epopeia d\u2019Eivissa i Formentera; i, a l\u2019any 2009, realitz\u00e0 una donaci\u00f3 d\u2019una pintura acr\u00edlica al Consell Insular d\u2019Eivissa anomenada Ibiza puerto fenicio. <em>La epopeya de Eivissa y Formentera<\/em> y en 2009 don\u00f3 una pintura acr\u00edlica al Consell Insular de Eivissa llamada <em>Ibiza, puerto fenicio<\/em>.<\/p>\t\t\t\t\t\t<\/div>\n\t\t\t\t<\/div>\n\t\t\t\t\t<\/div>\n\t\t<\/div>\n\t\t\t\t\t\t\t<\/div>\n\t\t<\/section>\n\t\t\t\t\t\t\t<\/div>","protected":false},"excerpt":{"rendered":"<p>Dominique Sanson Dominique Sanson Sanson, Dominique (Par\u00eds 1949) Leer informaci\u00f3n del autor Ver su obra Dominique Sanson Dominique Sanson Artista de formaci\u00f3n autodidacta, se traslad\u00f3 a Eivissa a mediados del siglo XX. Los temas de sus obras est\u00e1n marcados mayoritariamente por sus creencias filos\u00f3ficas y \u00e9l mismo define su estilo como surrealista con toques de [&hellip;]<\/p>","protected":false},"author":1,"featured_media":0,"parent":0,"menu_order":0,"comment_status":"closed","ping_status":"closed","template":"elementor_header_footer","meta":{"footnotes":""},"class_list":["post-1435","page","type-page","status-publish","hentry","entry"],"_links":{"self":[{"href":"https:\/\/mave.es\/ca\/wp-json\/wp\/v2\/pages\/1435","targetHints":{"allow":["GET"]}}],"collection":[{"href":"https:\/\/mave.es\/ca\/wp-json\/wp\/v2\/pages"}],"about":[{"href":"https:\/\/mave.es\/ca\/wp-json\/wp\/v2\/types\/page"}],"author":[{"embeddable":true,"href":"https:\/\/mave.es\/ca\/wp-json\/wp\/v2\/users\/1"}],"replies":[{"embeddable":true,"href":"https:\/\/mave.es\/ca\/wp-json\/wp\/v2\/comments?post=1435"}],"version-history":[{"count":25,"href":"https:\/\/mave.es\/ca\/wp-json\/wp\/v2\/pages\/1435\/revisions"}],"predecessor-version":[{"id":4696,"href":"https:\/\/mave.es\/ca\/wp-json\/wp\/v2\/pages\/1435\/revisions\/4696"}],"wp:attachment":[{"href":"https:\/\/mave.es\/ca\/wp-json\/wp\/v2\/media?parent=1435"}],"curies":[{"name":"wp","href":"https:\/\/api.w.org\/{rel}","templated":true}]}}